{"id":734,"date":"2019-01-11T15:31:35","date_gmt":"2019-01-11T15:31:35","guid":{"rendered":"https:\/\/manon.qodeinteractive.com\/elementor\/?page_id=734"},"modified":"2026-02-23T15:23:05","modified_gmt":"2026-02-23T20:23:05","slug":"gestion","status":"publish","type":"page","link":"https:\/\/affichageempreinteverte.ca\/index.php\/gestion\/","title":{"rendered":"CONCEPTION ET GESTION DE PROJETS"},"content":{"rendered":"\t\t<div data-elementor-type=\"wp-page\" data-elementor-id=\"734\" class=\"elementor elementor-734\">\n\t\t\t\t<div class=\"elementor-element elementor-element-014da50 e-flex e-con-boxed e-con e-parent\" data-id=\"014da50\" data-element_type=\"container\" data-e-type=\"container\">\n\t\t\t\t\t<div class=\"e-con-inner\">\n\t\t\t\t<div class=\"elementor-element elementor-element-9ce00f3 elementor-widget elementor-widget-spacer\" data-id=\"9ce00f3\" data-element_type=\"widget\" data-e-type=\"widget\" data-widget_type=\"spacer.default\">\n\t\t\t\t\t\t\t<div class=\"elementor-spacer\">\n\t\t\t<div class=\"elementor-spacer-inner\"><\/div>\n\t\t<\/div>\n\t\t\t\t\t\t<\/div>\n\t\t\t\t<div class=\"elementor-element elementor-element-47682d8 elementor-widget elementor-widget-edgtf_text_marquee\" data-id=\"47682d8\" data-element_type=\"widget\" data-e-type=\"widget\" data-settings=\"{&quot;_animation_mobile&quot;:&quot;slideInRight&quot;}\" data-widget_type=\"edgtf_text_marquee.default\">\n\t\t\t\t<div class=\"elementor-widget-container\">\n\t\t\t\t\t<div class=\"edgtf-text-marquee edgtf-tm-4429 edgtf-hollow-text\" style=\"font-family: NUNITO;font-size: 100px;line-height: 1EMpx\" data-item-class=\"edgtf-tm-4429\">\n    <span class=\"edgtf-marquee-element edgtf-original-text\">UN SERVICE CL\u00c9 EN MAIN<\/span>\n    <span class=\"edgtf-marquee-element edgtf-aux-text\">UN SERVICE CL\u00c9 EN MAIN<\/span>\n<\/div>\t\t\t\t<\/div>\n\t\t\t\t<\/div>\n\t\t\t\t<div class=\"elementor-element elementor-element-525d3f5 elementor-widget elementor-widget-spacer\" data-id=\"525d3f5\" data-element_type=\"widget\" data-e-type=\"widget\" data-widget_type=\"spacer.default\">\n\t\t\t\t\t\t\t<div class=\"elementor-spacer\">\n\t\t\t<div class=\"elementor-spacer-inner\"><\/div>\n\t\t<\/div>\n\t\t\t\t\t\t<\/div>\n\t\t\t\t<div class=\"elementor-element elementor-element-535c5e1 elementor-widget elementor-widget-edgtf_icon_with_text\" data-id=\"535c5e1\" data-element_type=\"widget\" data-e-type=\"widget\" data-widget_type=\"edgtf_icon_with_text.default\">\n\t\t\t\t<div class=\"elementor-widget-container\">\n\t\t\t\t\t<div class=\"edgtf-iwt clearfix  edgtf-iwt-icon-left edgtf-iwt-icon-medium\">\n\t<div class=\"edgtf-iwt-icon\">\n\t\t\t\t\t\t\t\t\t<img decoding=\"async\" width=\"100\" height=\"100\" src=\"https:\/\/affichageempreinteverte.ca\/wp3\/wp-content\/uploads\/2026\/02\/output-onlinegiftools.gif\" class=\"attachment-full size-full\" alt=\"\" \/>\t\t\t\t\t\t<\/div>\n\t<div class=\"edgtf-iwt-content\" >\n\t\t\t\t\t<h4 class=\"edgtf-iwt-title\" >\n\t\t\t\t\t\t\t\t<span class=\"edgtf-iwt-title-text\">Lecture de plans<\/span>\n\t\t\t\t\t\t\t<\/h4>\n\t\t\t\t\t\t\t<p class=\"edgtf-iwt-text\" >Analyse des plans architecturaux afin d\u2019identifier les emplacements, contraintes et exigences techniques li\u00e9s \u00e0 la signalisation et aux \u00e9l\u00e9ments graphiques.<\/p>\n\t\t\t<\/div>\n<\/div>\t\t\t\t<\/div>\n\t\t\t\t<\/div>\n\t\t\t\t<div class=\"elementor-element elementor-element-dc0afc1 elementor-widget elementor-widget-edgtf_icon_with_text\" data-id=\"dc0afc1\" data-element_type=\"widget\" data-e-type=\"widget\" data-widget_type=\"edgtf_icon_with_text.default\">\n\t\t\t\t<div class=\"elementor-widget-container\">\n\t\t\t\t\t<div class=\"edgtf-iwt clearfix  edgtf-iwt-icon-left edgtf-iwt-icon-medium\">\n\t<div class=\"edgtf-iwt-icon\">\n\t\t\t\t\t\t\t\t\t<img decoding=\"async\" width=\"100\" height=\"100\" src=\"https:\/\/affichageempreinteverte.ca\/wp3\/wp-content\/uploads\/2026\/02\/output-onlinegiftools.gif\" class=\"attachment-full size-full\" alt=\"\" \/>\t\t\t\t\t\t<\/div>\n\t<div class=\"edgtf-iwt-content\" >\n\t\t\t\t\t<h4 class=\"edgtf-iwt-title\" >\n\t\t\t\t\t\t\t\t<span class=\"edgtf-iwt-title-text\">Cr\u00e9ation de tableaux virtuels d\u2019inspiration<\/span>\n\t\t\t\t\t\t\t<\/h4>\n\t\t\t\t\t\t\t<p class=\"edgtf-iwt-text\" >\u00c9laboration de tableaux visuels permettant de d\u00e9finir les orientations esth\u00e9tiques, les mat\u00e9riaux et l\u2019ambiance g\u00e9n\u00e9rale du projet en amont de la production.<\/p>\n\t\t\t<\/div>\n<\/div>\t\t\t\t<\/div>\n\t\t\t\t<\/div>\n\t\t\t\t<div class=\"elementor-element elementor-element-11bd905 elementor-widget elementor-widget-edgtf_icon_with_text\" data-id=\"11bd905\" data-element_type=\"widget\" data-e-type=\"widget\" data-widget_type=\"edgtf_icon_with_text.default\">\n\t\t\t\t<div class=\"elementor-widget-container\">\n\t\t\t\t\t<div class=\"edgtf-iwt clearfix  edgtf-iwt-icon-left edgtf-iwt-icon-medium\">\n\t<div class=\"edgtf-iwt-icon\">\n\t\t\t\t\t\t\t\t\t<img decoding=\"async\" width=\"100\" height=\"100\" src=\"https:\/\/affichageempreinteverte.ca\/wp3\/wp-content\/uploads\/2026\/02\/output-onlinegiftools.gif\" class=\"attachment-full size-full\" alt=\"\" \/>\t\t\t\t\t\t<\/div>\n\t<div class=\"edgtf-iwt-content\" >\n\t\t\t\t\t<h4 class=\"edgtf-iwt-title\" >\n\t\t\t\t\t\t\t\t<span class=\"edgtf-iwt-title-text\">Recherche de mat\u00e9riaux et finis<\/span>\n\t\t\t\t\t\t\t<\/h4>\n\t\t\t\t\t\t\t<p class=\"edgtf-iwt-text\" >S\u00e9lection de mat\u00e9riaux et de finis adapt\u00e9s \u00e0 l\u2019environnement, \u00e0 l\u2019usage et au budget, en tenant compte de la durabilit\u00e9 et des normes en vigueur.<\/p>\n\t\t\t<\/div>\n<\/div>\t\t\t\t<\/div>\n\t\t\t\t<\/div>\n\t\t\t\t<div class=\"elementor-element elementor-element-863e2bf elementor-widget elementor-widget-edgtf_icon_with_text\" data-id=\"863e2bf\" data-element_type=\"widget\" data-e-type=\"widget\" data-widget_type=\"edgtf_icon_with_text.default\">\n\t\t\t\t<div class=\"elementor-widget-container\">\n\t\t\t\t\t<div class=\"edgtf-iwt clearfix  edgtf-iwt-icon-left edgtf-iwt-icon-medium\">\n\t<div class=\"edgtf-iwt-icon\">\n\t\t\t\t\t\t\t\t\t<img decoding=\"async\" width=\"100\" height=\"100\" src=\"https:\/\/affichageempreinteverte.ca\/wp3\/wp-content\/uploads\/2026\/02\/output-onlinegiftools.gif\" class=\"attachment-full size-full\" alt=\"\" \/>\t\t\t\t\t\t<\/div>\n\t<div class=\"edgtf-iwt-content\" >\n\t\t\t\t\t<h4 class=\"edgtf-iwt-title\" >\n\t\t\t\t\t\t\t\t<span class=\"edgtf-iwt-title-text\">Soumission des permis n\u00e9cessaires<\/span>\n\t\t\t\t\t\t\t<\/h4>\n\t\t\t\t\t\t\t<p class=\"edgtf-iwt-text\" >Pr\u00e9paration et coordination des documents requis pour l\u2019obtention des autorisations et permis applicables, en collaboration avec les instances concern\u00e9es.<\/p>\n\t\t\t<\/div>\n<\/div>\t\t\t\t<\/div>\n\t\t\t\t<\/div>\n\t\t\t\t<div class=\"elementor-element elementor-element-64416eb elementor-widget elementor-widget-edgtf_icon_with_text\" data-id=\"64416eb\" data-element_type=\"widget\" data-e-type=\"widget\" data-widget_type=\"edgtf_icon_with_text.default\">\n\t\t\t\t<div class=\"elementor-widget-container\">\n\t\t\t\t\t<div class=\"edgtf-iwt clearfix  edgtf-iwt-icon-left edgtf-iwt-icon-medium\">\n\t<div class=\"edgtf-iwt-icon\">\n\t\t\t\t\t\t\t\t\t<img decoding=\"async\" width=\"100\" height=\"100\" src=\"https:\/\/affichageempreinteverte.ca\/wp3\/wp-content\/uploads\/2026\/02\/output-onlinegiftools.gif\" class=\"attachment-full size-full\" alt=\"\" \/>\t\t\t\t\t\t<\/div>\n\t<div class=\"edgtf-iwt-content\" >\n\t\t\t\t\t<h4 class=\"edgtf-iwt-title\" >\n\t\t\t\t\t\t\t\t<span class=\"edgtf-iwt-title-text\">Production et installation<\/span>\n\t\t\t\t\t\t\t<\/h4>\n\t\t\t\t\t\t\t<p class=\"edgtf-iwt-text\" >Prise en charge compl\u00e8te de la production et de l\u2019installation, assurant un d\u00e9ploiement conforme aux plans, aux \u00e9ch\u00e9anciers et aux standards de qualit\u00e9 attendus.<\/p>\n\t\t\t<\/div>\n<\/div>\t\t\t\t<\/div>\n\t\t\t\t<\/div>\n\t\t\t\t<div class=\"elementor-element elementor-element-6917761 elementor-widget elementor-widget-spacer\" data-id=\"6917761\" data-element_type=\"widget\" data-e-type=\"widget\" data-widget_type=\"spacer.default\">\n\t\t\t\t\t\t\t<div class=\"elementor-spacer\">\n\t\t\t<div class=\"elementor-spacer-inner\"><\/div>\n\t\t<\/div>\n\t\t\t\t\t\t<\/div>\n\t\t\t\t\t<\/div>\n\t\t\t\t<\/div>\n\t\t<div class=\"elementor-element elementor-element-04f731f e-flex e-con-boxed e-con e-parent\" data-id=\"04f731f\" data-element_type=\"container\" data-e-type=\"container\">\n\t\t\t\t\t<div class=\"e-con-inner\">\n\t\t<div class=\"elementor-element elementor-element-81cb7b2 e-con-full e-flex e-con e-child\" data-id=\"81cb7b2\" data-element_type=\"container\" data-e-type=\"container\">\n\t\t\t\t<div class=\"elementor-element elementor-element-c1c3f33 elementor-widget elementor-widget-heading\" data-id=\"c1c3f33\" data-element_type=\"widget\" data-e-type=\"widget\" data-widget_type=\"heading.default\">\n\t\t\t\t\t<h3 class=\"elementor-heading-title elementor-size-default\">aussi simple que 1, 2, 3 et 4!<\/h3>\t\t\t\t<\/div>\n\t\t\t\t<div class=\"elementor-element elementor-element-14b8ae1 elementor-widget elementor-widget-qi_addons_for_elementor_process\" data-id=\"14b8ae1\" data-element_type=\"widget\" data-e-type=\"widget\" data-widget_type=\"qi_addons_for_elementor_process.default\">\n\t\t\t\t<div class=\"elementor-widget-container\">\n\t\t\t\t\t<div class=\"qodef-shortcode qodef-m qodef-qi-process qodef-qi--has-appear qodef-qi-grid qodef-layout--qi-columns qodef-col-num--4 qodef-item-layout--horizontal qodef-responsive--predefined\">\n\t<div class=\"qodef-grid-inner\">\n\t\t<div class=\"qodef-e qodef-process-item qodef-grid-item elementor-repeater-item-d56290a\">\n\t<div class=\"qodef-e-inner\">\n\t\t<div class=\"qodef-e-content\">\n\t\t\t<div class=\"qodef-e-icon-holder\">\n\t<div class=\"qodef-e-icon\">\n\t\t\t\t\t<span class=\"qodef-e-item-icon-text\">\n\t\t\t\t1.\t\t\t<\/span>\n\t\t\t<\/div>\n\t<div class=\"qodef-e-line\">\n\t\t<div class=\"qodef-e-line-inner\"><\/div>\n\t<\/div>\n<\/div>\n\t\t\t\t<h5 class=\"qodef-e-title\">\n\t\t\u00c9valuation\t<\/h5>\n\t\t\t\t<p class=\"qodef-e-text\">\n\t\tNous d\u00e9terminerons vos besoins.\t<\/p>\n\t\t<\/div>\n\t<\/div>\n<\/div>\n<div class=\"qodef-e qodef-process-item qodef-grid-item elementor-repeater-item-5ff2ce6\">\n\t<div class=\"qodef-e-inner\">\n\t\t<div class=\"qodef-e-content\">\n\t\t\t<div class=\"qodef-e-icon-holder\">\n\t<div class=\"qodef-e-icon\">\n\t\t\t\t\t<span class=\"qodef-e-item-icon-text\">\n\t\t\t\t2.\t\t\t<\/span>\n\t\t\t<\/div>\n\t<div class=\"qodef-e-line\">\n\t\t<div class=\"qodef-e-line-inner\"><\/div>\n\t<\/div>\n<\/div>\n\t\t\t\t<h5 class=\"qodef-e-title\">\n\t\tCONCEPTION\t<\/h5>\n\t\t\t\t<p class=\"qodef-e-text\">\n\t\tVous recevrez des visuels correspondants \u00e0 vos besoins.\t<\/p>\n\t\t<\/div>\n\t<\/div>\n<\/div>\n<div class=\"qodef-e qodef-process-item qodef-grid-item elementor-repeater-item-925ef17\">\n\t<div class=\"qodef-e-inner\">\n\t\t<div class=\"qodef-e-content\">\n\t\t\t<div class=\"qodef-e-icon-holder\">\n\t<div class=\"qodef-e-icon\">\n\t\t\t\t\t<span class=\"qodef-e-item-icon-text\">\n\t\t\t\t3.\t\t\t<\/span>\n\t\t\t<\/div>\n\t<div class=\"qodef-e-line\">\n\t\t<div class=\"qodef-e-line-inner\"><\/div>\n\t<\/div>\n<\/div>\n\t\t\t\t<h5 class=\"qodef-e-title\">\n\t\tPRODUCTION\t<\/h5>\n\t\t\t\t<p class=\"qodef-e-text\">\n\t\tLes visuels approuv\u00e9s seront produits.\t<\/p>\n\t\t<\/div>\n\t<\/div>\n<\/div>\n<div class=\"qodef-e qodef-process-item qodef-grid-item elementor-repeater-item-3751bb6\">\n\t<div class=\"qodef-e-inner\">\n\t\t<div class=\"qodef-e-content\">\n\t\t\t<div class=\"qodef-e-icon-holder\">\n\t<div class=\"qodef-e-icon\">\n\t\t\t\t\t<span class=\"qodef-e-item-icon-text\">\n\t\t\t\t4.\t\t\t<\/span>\n\t\t\t<\/div>\n\t<div class=\"qodef-e-line\">\n\t\t<div class=\"qodef-e-line-inner\"><\/div>\n\t<\/div>\n<\/div>\n\t\t\t\t<h5 class=\"qodef-e-title\">\n\t\tinstallation\t<\/h5>\n\t\t\t\t<p class=\"qodef-e-text\">\n\t\tLes items produits sont ensuite install\u00e9s.\t<\/p>\n\t\t<\/div>\n\t<\/div>\n<\/div>\n\t<\/div>\n<\/div>\n\t\t\t\t<\/div>\n\t\t\t\t<\/div>\n\t\t\t\t<\/div>\n\t\t\t\t\t<\/div>\n\t\t\t\t<\/div>\n\t\t\t\t<\/div>\n\t\t","protected":false},"excerpt":{"rendered":"<p>UN SERVICE CL\u00c9 EN MAIN UN SERVICE CL\u00c9 EN MAIN Lecture de plans Analyse des plans architecturaux afin d\u2019identifier les emplacements, contraintes et exigences techniques li\u00e9s \u00e0 la signalisation et aux \u00e9l\u00e9ments graphiques. Cr\u00e9ation de tableaux virtuels d\u2019inspiration \u00c9laboration de [&hellip;]<\/p>\n","protected":false},"author":2,"featured_media":0,"parent":0,"menu_order":0,"comment_status":"closed","ping_status":"closed","template":"full-width.php","meta":{"footnotes":""},"class_list":["post-734","page","type-page","status-publish","hentry"],"yoast_head":"<!-- This site is optimized with the Yoast SEO plugin v27.5 - https:\/\/yoast.com\/product\/yoast-seo-wordpress\/ -->\n<title>CONCEPTION ET GESTION DE PROJETS - Affichage Empreinte Verte inc<\/title>\n<meta name=\"robots\" content=\"index, follow, max-snippet:-1, max-image-preview:large, max-video-preview:-1\" \/>\n<link rel=\"canonical\" href=\"https:\/\/affichageempreinteverte.ca\/index.php\/gestion\/\" \/>\n<meta property=\"og:locale\" content=\"en_US\" \/>\n<meta property=\"og:type\" content=\"article\" \/>\n<meta property=\"og:title\" content=\"CONCEPTION ET GESTION DE PROJETS - Affichage Empreinte Verte inc\" \/>\n<meta property=\"og:description\" content=\"UN SERVICE CL\u00c9 EN MAIN UN SERVICE CL\u00c9 EN MAIN Lecture de plans Analyse des plans architecturaux afin d\u2019identifier les emplacements, contraintes et exigences techniques li\u00e9s \u00e0 la signalisation et aux \u00e9l\u00e9ments graphiques. Cr\u00e9ation de tableaux virtuels d\u2019inspiration \u00c9laboration de [&hellip;]\" \/>\n<meta property=\"og:url\" content=\"https:\/\/affichageempreinteverte.ca\/index.php\/gestion\/\" \/>\n<meta property=\"og:site_name\" content=\"Affichage Empreinte Verte inc\" \/>\n<meta property=\"article:publisher\" content=\"https:\/\/www.facebook.com\/AEVinc\/\" \/>\n<meta property=\"article:modified_time\" content=\"2026-02-23T20:23:05+00:00\" \/>\n<meta property=\"og:image\" content=\"https:\/\/affichageempreinteverte.ca\/wp3\/wp-content\/uploads\/2026\/02\/output-onlinegiftools.gif\" \/>\n<meta name=\"twitter:card\" content=\"summary_large_image\" \/>\n<meta name=\"twitter:label1\" content=\"Est. reading time\" \/>\n\t<meta name=\"twitter:data1\" content=\"2 minutes\" \/>\n<script type=\"application\/ld+json\" class=\"yoast-schema-graph\">{\"@context\":\"https:\\\/\\\/schema.org\",\"@graph\":[{\"@type\":\"WebPage\",\"@id\":\"https:\\\/\\\/affichageempreinteverte.ca\\\/index.php\\\/gestion\\\/\",\"url\":\"https:\\\/\\\/affichageempreinteverte.ca\\\/index.php\\\/gestion\\\/\",\"name\":\"CONCEPTION ET GESTION DE PROJETS - Affichage Empreinte Verte inc\",\"isPartOf\":{\"@id\":\"https:\\\/\\\/affichageempreinteverte.ca\\\/#website\"},\"primaryImageOfPage\":{\"@id\":\"https:\\\/\\\/affichageempreinteverte.ca\\\/index.php\\\/gestion\\\/#primaryimage\"},\"image\":{\"@id\":\"https:\\\/\\\/affichageempreinteverte.ca\\\/index.php\\\/gestion\\\/#primaryimage\"},\"thumbnailUrl\":\"https:\\\/\\\/affichageempreinteverte.ca\\\/wp3\\\/wp-content\\\/uploads\\\/2026\\\/02\\\/output-onlinegiftools.gif\",\"datePublished\":\"2019-01-11T15:31:35+00:00\",\"dateModified\":\"2026-02-23T20:23:05+00:00\",\"breadcrumb\":{\"@id\":\"https:\\\/\\\/affichageempreinteverte.ca\\\/index.php\\\/gestion\\\/#breadcrumb\"},\"inLanguage\":\"en-CA\",\"potentialAction\":[{\"@type\":\"ReadAction\",\"target\":[\"https:\\\/\\\/affichageempreinteverte.ca\\\/index.php\\\/gestion\\\/\"]}]},{\"@type\":\"ImageObject\",\"inLanguage\":\"en-CA\",\"@id\":\"https:\\\/\\\/affichageempreinteverte.ca\\\/index.php\\\/gestion\\\/#primaryimage\",\"url\":\"https:\\\/\\\/affichageempreinteverte.ca\\\/wp3\\\/wp-content\\\/uploads\\\/2026\\\/02\\\/output-onlinegiftools.gif\",\"contentUrl\":\"https:\\\/\\\/affichageempreinteverte.ca\\\/wp3\\\/wp-content\\\/uploads\\\/2026\\\/02\\\/output-onlinegiftools.gif\",\"width\":100,\"height\":100},{\"@type\":\"BreadcrumbList\",\"@id\":\"https:\\\/\\\/affichageempreinteverte.ca\\\/index.php\\\/gestion\\\/#breadcrumb\",\"itemListElement\":[{\"@type\":\"ListItem\",\"position\":1,\"name\":\"Home\",\"item\":\"https:\\\/\\\/affichageempreinteverte.ca\\\/\"},{\"@type\":\"ListItem\",\"position\":2,\"name\":\"CONCEPTION ET GESTION DE PROJETS\"}]},{\"@type\":\"WebSite\",\"@id\":\"https:\\\/\\\/affichageempreinteverte.ca\\\/#website\",\"url\":\"https:\\\/\\\/affichageempreinteverte.ca\\\/\",\"name\":\"Affichage Empreinte Verte inc\",\"description\":\"\",\"publisher\":{\"@id\":\"https:\\\/\\\/affichageempreinteverte.ca\\\/#organization\"},\"potentialAction\":[{\"@type\":\"SearchAction\",\"target\":{\"@type\":\"EntryPoint\",\"urlTemplate\":\"https:\\\/\\\/affichageempreinteverte.ca\\\/?s={search_term_string}\"},\"query-input\":{\"@type\":\"PropertyValueSpecification\",\"valueRequired\":true,\"valueName\":\"search_term_string\"}}],\"inLanguage\":\"en-CA\"},{\"@type\":\"Organization\",\"@id\":\"https:\\\/\\\/affichageempreinteverte.ca\\\/#organization\",\"name\":\"Affichage Empreinte Verte inc\",\"url\":\"https:\\\/\\\/affichageempreinteverte.ca\\\/\",\"logo\":{\"@type\":\"ImageObject\",\"inLanguage\":\"en-CA\",\"@id\":\"https:\\\/\\\/affichageempreinteverte.ca\\\/#\\\/schema\\\/logo\\\/image\\\/\",\"url\":\"https:\\\/\\\/affichageempreinteverte.ca\\\/wp3\\\/wp-content\\\/uploads\\\/2025\\\/09\\\/logo-AEV-colors-web.png\",\"contentUrl\":\"https:\\\/\\\/affichageempreinteverte.ca\\\/wp3\\\/wp-content\\\/uploads\\\/2025\\\/09\\\/logo-AEV-colors-web.png\",\"width\":480,\"height\":336,\"caption\":\"Affichage Empreinte Verte inc\"},\"image\":{\"@id\":\"https:\\\/\\\/affichageempreinteverte.ca\\\/#\\\/schema\\\/logo\\\/image\\\/\"},\"sameAs\":[\"https:\\\/\\\/www.facebook.com\\\/AEVinc\\\/\",\"https:\\\/\\\/www.linkedin.com\\\/company\\\/aevinc\\\/\"]}]}<\/script>\n<!-- \/ Yoast SEO plugin. -->","yoast_head_json":{"title":"CONCEPTION ET GESTION DE PROJETS - Affichage Empreinte Verte inc","robots":{"index":"index","follow":"follow","max-snippet":"max-snippet:-1","max-image-preview":"max-image-preview:large","max-video-preview":"max-video-preview:-1"},"canonical":"https:\/\/affichageempreinteverte.ca\/index.php\/gestion\/","og_locale":"en_US","og_type":"article","og_title":"CONCEPTION ET GESTION DE PROJETS - Affichage Empreinte Verte inc","og_description":"UN SERVICE CL\u00c9 EN MAIN UN SERVICE CL\u00c9 EN MAIN Lecture de plans Analyse des plans architecturaux afin d\u2019identifier les emplacements, contraintes et exigences techniques li\u00e9s \u00e0 la signalisation et aux \u00e9l\u00e9ments graphiques. Cr\u00e9ation de tableaux virtuels d\u2019inspiration \u00c9laboration de [&hellip;]","og_url":"https:\/\/affichageempreinteverte.ca\/index.php\/gestion\/","og_site_name":"Affichage Empreinte Verte inc","article_publisher":"https:\/\/www.facebook.com\/AEVinc\/","article_modified_time":"2026-02-23T20:23:05+00:00","og_image":[{"url":"https:\/\/affichageempreinteverte.ca\/wp3\/wp-content\/uploads\/2026\/02\/output-onlinegiftools.gif","type":"","width":"","height":""}],"twitter_card":"summary_large_image","twitter_misc":{"Est. reading time":"2 minutes"},"schema":{"@context":"https:\/\/schema.org","@graph":[{"@type":"WebPage","@id":"https:\/\/affichageempreinteverte.ca\/index.php\/gestion\/","url":"https:\/\/affichageempreinteverte.ca\/index.php\/gestion\/","name":"CONCEPTION ET GESTION DE PROJETS - Affichage Empreinte Verte inc","isPartOf":{"@id":"https:\/\/affichageempreinteverte.ca\/#website"},"primaryImageOfPage":{"@id":"https:\/\/affichageempreinteverte.ca\/index.php\/gestion\/#primaryimage"},"image":{"@id":"https:\/\/affichageempreinteverte.ca\/index.php\/gestion\/#primaryimage"},"thumbnailUrl":"https:\/\/affichageempreinteverte.ca\/wp3\/wp-content\/uploads\/2026\/02\/output-onlinegiftools.gif","datePublished":"2019-01-11T15:31:35+00:00","dateModified":"2026-02-23T20:23:05+00:00","breadcrumb":{"@id":"https:\/\/affichageempreinteverte.ca\/index.php\/gestion\/#breadcrumb"},"inLanguage":"en-CA","potentialAction":[{"@type":"ReadAction","target":["https:\/\/affichageempreinteverte.ca\/index.php\/gestion\/"]}]},{"@type":"ImageObject","inLanguage":"en-CA","@id":"https:\/\/affichageempreinteverte.ca\/index.php\/gestion\/#primaryimage","url":"https:\/\/affichageempreinteverte.ca\/wp3\/wp-content\/uploads\/2026\/02\/output-onlinegiftools.gif","contentUrl":"https:\/\/affichageempreinteverte.ca\/wp3\/wp-content\/uploads\/2026\/02\/output-onlinegiftools.gif","width":100,"height":100},{"@type":"BreadcrumbList","@id":"https:\/\/affichageempreinteverte.ca\/index.php\/gestion\/#breadcrumb","itemListElement":[{"@type":"ListItem","position":1,"name":"Home","item":"https:\/\/affichageempreinteverte.ca\/"},{"@type":"ListItem","position":2,"name":"CONCEPTION ET GESTION DE PROJETS"}]},{"@type":"WebSite","@id":"https:\/\/affichageempreinteverte.ca\/#website","url":"https:\/\/affichageempreinteverte.ca\/","name":"Affichage Empreinte Verte inc","description":"","publisher":{"@id":"https:\/\/affichageempreinteverte.ca\/#organization"},"potentialAction":[{"@type":"SearchAction","target":{"@type":"EntryPoint","urlTemplate":"https:\/\/affichageempreinteverte.ca\/?s={search_term_string}"},"query-input":{"@type":"PropertyValueSpecification","valueRequired":true,"valueName":"search_term_string"}}],"inLanguage":"en-CA"},{"@type":"Organization","@id":"https:\/\/affichageempreinteverte.ca\/#organization","name":"Affichage Empreinte Verte inc","url":"https:\/\/affichageempreinteverte.ca\/","logo":{"@type":"ImageObject","inLanguage":"en-CA","@id":"https:\/\/affichageempreinteverte.ca\/#\/schema\/logo\/image\/","url":"https:\/\/affichageempreinteverte.ca\/wp3\/wp-content\/uploads\/2025\/09\/logo-AEV-colors-web.png","contentUrl":"https:\/\/affichageempreinteverte.ca\/wp3\/wp-content\/uploads\/2025\/09\/logo-AEV-colors-web.png","width":480,"height":336,"caption":"Affichage Empreinte Verte inc"},"image":{"@id":"https:\/\/affichageempreinteverte.ca\/#\/schema\/logo\/image\/"},"sameAs":["https:\/\/www.facebook.com\/AEVinc\/","https:\/\/www.linkedin.com\/company\/aevinc\/"]}]}},"jetpack_sharing_enabled":true,"_links":{"self":[{"href":"https:\/\/affichageempreinteverte.ca\/index.php\/wp-json\/wp\/v2\/pages\/734","targetHints":{"allow":["GET"]}}],"collection":[{"href":"https:\/\/affichageempreinteverte.ca\/index.php\/wp-json\/wp\/v2\/pages"}],"about":[{"href":"https:\/\/affichageempreinteverte.ca\/index.php\/wp-json\/wp\/v2\/types\/page"}],"author":[{"embeddable":true,"href":"https:\/\/affichageempreinteverte.ca\/index.php\/wp-json\/wp\/v2\/users\/2"}],"replies":[{"embeddable":true,"href":"https:\/\/affichageempreinteverte.ca\/index.php\/wp-json\/wp\/v2\/comments?post=734"}],"version-history":[{"count":37,"href":"https:\/\/affichageempreinteverte.ca\/index.php\/wp-json\/wp\/v2\/pages\/734\/revisions"}],"predecessor-version":[{"id":7223,"href":"https:\/\/affichageempreinteverte.ca\/index.php\/wp-json\/wp\/v2\/pages\/734\/revisions\/7223"}],"wp:attachment":[{"href":"https:\/\/affichageempreinteverte.ca\/index.php\/wp-json\/wp\/v2\/media?parent=734"}],"curies":[{"name":"wp","href":"https:\/\/api.w.org\/{rel}","templated":true}]}}