{"id":6889,"date":"2026-01-29T10:52:19","date_gmt":"2026-01-29T15:52:19","guid":{"rendered":"https:\/\/affichageempreinteverte.ca\/wp3\/?page_id=6889"},"modified":"2026-02-16T14:21:49","modified_gmt":"2026-02-16T19:21:49","slug":"infographie","status":"publish","type":"page","link":"https:\/\/affichageempreinteverte.ca\/index.php\/infographie\/","title":{"rendered":"Infographie"},"content":{"rendered":"\t\t<div data-elementor-type=\"wp-page\" data-elementor-id=\"6889\" class=\"elementor elementor-6889\">\n\t\t\t\t<div class=\"elementor-element elementor-element-28f3243e e-flex e-con-boxed e-con e-parent\" data-id=\"28f3243e\" data-element_type=\"container\" data-e-type=\"container\">\n\t\t\t\t\t<div class=\"e-con-inner\">\n\t\t\t\t<div class=\"elementor-element elementor-element-7f6990a7 elementor-widget elementor-widget-edgtf_team_carousel\" data-id=\"7f6990a7\" data-element_type=\"widget\" data-e-type=\"widget\" data-widget_type=\"edgtf_team_carousel.default\">\n\t\t\t\t<div class=\"elementor-widget-container\">\n\t\t\t\t\t\r\n        <div class=\"edgtf-team-carousel-holder edgtf-normal-space\">\r\n            <div class=\"edgtf-tc-inner edgtf-owl-slider\" data-number-of-items=\"1\" data-enable-loop=\"yes\" data-enable-autoplay=\"yes\" data-slider-speed=\"5000\" data-slider-speed-animation=\"900\" data-enable-navigation=\"yes\" data-enable-pagination=\"yes\">\r\n                <div class=\"edgtf-team-holder edgtf-team-info-below-image\">\n\t<div class=\"edgtf-team-inner\">\n\t\t\t\t\t<div class=\"edgtf-team-image\">\n                <img fetchpriority=\"high\" decoding=\"async\" width=\"1728\" height=\"1296\" src=\"https:\/\/affichageempreinteverte.ca\/wp3\/wp-content\/uploads\/2026\/01\/Symbio.png\" class=\"attachment-full size-full\" alt=\"\" \/>\t\t\t<\/div>\n\t\t\t\t<div class=\"edgtf-team-info\">\n\t\t\t\t\t\t\t<h5 class=\"edgtf-team-name\" >Symbio<\/h5>\n\t\t\t\t\t\t\t\t\t\t\t\t\t<p class=\"edgtf-team-text\" >D\u00e9veloppement d\u2019un ensemble complet de visuels de signalisation pour un immeuble r\u00e9sidentiel de 30 \u00e9tages. Les concepts ont \u00e9t\u00e9 \u00e9labor\u00e9s \u00e0 partir du branding officiel et des r\u00e9f\u00e9rences visuelles fournies, assurant une coh\u00e9rence graphique \u00e0 l\u2019\u00e9chelle du b\u00e2timent.<\/p>\n\t\t\t\t\t\t\t\t<\/div>\n\t<\/div>\n<\/div><div class=\"edgtf-team-holder edgtf-team-info-below-image\">\n\t<div class=\"edgtf-team-inner\">\n\t\t\t\t\t<div class=\"edgtf-team-image\">\n                <img decoding=\"async\" width=\"1728\" height=\"1296\" src=\"https:\/\/affichageempreinteverte.ca\/wp3\/wp-content\/uploads\/2026\/01\/PQ.png\" class=\"attachment-full size-full\" alt=\"\" \/>\t\t\t<\/div>\n\t\t\t\t<div class=\"edgtf-team-info\">\n\t\t\t\t\t\t\t<h5 class=\"edgtf-team-name\" >restaurants le petit qu\u00e9bec<\/h5>\n\t\t\t\t\t\t\t\t\t\t\t\t\t<p class=\"edgtf-team-text\" >Conception de visuels de signalisation conformes au branding corporatif et aux directives architecturales. Une approche standardis\u00e9e permettant un d\u00e9ploiement uniforme et reproductible \u00e0 travers l\u2019ensemble des \u00e9tablissements de la cha\u00eene.<\/p>\n\t\t\t\t\t\t\t\t<\/div>\n\t<\/div>\n<\/div><div class=\"edgtf-team-holder edgtf-team-info-below-image\">\n\t<div class=\"edgtf-team-inner\">\n\t\t\t\t\t<div class=\"edgtf-team-image\">\n                <img decoding=\"async\" width=\"1728\" height=\"1296\" src=\"https:\/\/affichageempreinteverte.ca\/wp3\/wp-content\/uploads\/2026\/01\/mcds.png\" class=\"attachment-full size-full\" alt=\"\" \/>\t\t\t<\/div>\n\t\t\t\t<div class=\"edgtf-team-info\">\n\t\t\t\t\t\t\t<h5 class=\"edgtf-team-name\" >ma clinique du sourire<\/h5>\n\t\t\t\t\t\t\t\t\t\t\t\t\t<p class=\"edgtf-team-text\" >\u00c9laboration d\u2019un syst\u00e8me de signalisation int\u00e9rieure bas\u00e9 sur les r\u00e9f\u00e9rences visuelles et les orientations de la cliente. Un projet visant \u00e0 structurer les espaces et \u00e0 renforcer l\u2019image professionnelle de la clinique.<\/p>\n\t\t\t\t\t\t\t\t<\/div>\n\t<\/div>\n<\/div>            <\/div>\r\n        <\/div>\r\n        \t\t\t\t<\/div>\n\t\t\t\t<\/div>\n\t\t\t\t\t<\/div>\n\t\t\t\t<\/div>\n\t\t\t\t<\/div>\n\t\t","protected":false},"excerpt":{"rendered":"<p>Symbio D\u00e9veloppement d\u2019un ensemble complet de visuels de signalisation pour un immeuble r\u00e9sidentiel de 30 \u00e9tages. Les concepts ont \u00e9t\u00e9 \u00e9labor\u00e9s \u00e0 partir du branding officiel et des r\u00e9f\u00e9rences visuelles fournies, assurant une coh\u00e9rence graphique \u00e0 l\u2019\u00e9chelle du b\u00e2timent. restaurants [&hellip;]<\/p>\n","protected":false},"author":2,"featured_media":0,"parent":0,"menu_order":0,"comment_status":"closed","ping_status":"closed","template":"","meta":{"footnotes":""},"class_list":["post-6889","page","type-page","status-publish","hentry"],"yoast_head":"<!-- This site is optimized with the Yoast SEO plugin v27.5 - https:\/\/yoast.com\/product\/yoast-seo-wordpress\/ -->\n<title>Infographie - Affichage Empreinte Verte inc<\/title>\n<meta name=\"robots\" content=\"index, follow, max-snippet:-1, max-image-preview:large, max-video-preview:-1\" \/>\n<link rel=\"canonical\" href=\"https:\/\/affichageempreinteverte.ca\/index.php\/infographie\/\" \/>\n<meta property=\"og:locale\" content=\"en_US\" \/>\n<meta property=\"og:type\" content=\"article\" \/>\n<meta property=\"og:title\" content=\"Infographie - Affichage Empreinte Verte inc\" \/>\n<meta property=\"og:description\" content=\"Symbio D\u00e9veloppement d\u2019un ensemble complet de visuels de signalisation pour un immeuble r\u00e9sidentiel de 30 \u00e9tages. Les concepts ont \u00e9t\u00e9 \u00e9labor\u00e9s \u00e0 partir du branding officiel et des r\u00e9f\u00e9rences visuelles fournies, assurant une coh\u00e9rence graphique \u00e0 l\u2019\u00e9chelle du b\u00e2timent. restaurants [&hellip;]\" \/>\n<meta property=\"og:url\" content=\"https:\/\/affichageempreinteverte.ca\/index.php\/infographie\/\" \/>\n<meta property=\"og:site_name\" content=\"Affichage Empreinte Verte inc\" \/>\n<meta property=\"article:publisher\" content=\"https:\/\/www.facebook.com\/AEVinc\/\" \/>\n<meta property=\"article:modified_time\" content=\"2026-02-16T19:21:49+00:00\" \/>\n<meta property=\"og:image\" content=\"https:\/\/affichageempreinteverte.ca\/wp3\/wp-content\/uploads\/2026\/01\/Symbio.png\" \/>\n<meta name=\"twitter:card\" content=\"summary_large_image\" \/>\n<meta name=\"twitter:label1\" content=\"Est. reading time\" \/>\n\t<meta name=\"twitter:data1\" content=\"3 minutes\" \/>\n<script type=\"application\/ld+json\" class=\"yoast-schema-graph\">{\"@context\":\"https:\\\/\\\/schema.org\",\"@graph\":[{\"@type\":\"WebPage\",\"@id\":\"https:\\\/\\\/affichageempreinteverte.ca\\\/index.php\\\/infographie\\\/\",\"url\":\"https:\\\/\\\/affichageempreinteverte.ca\\\/index.php\\\/infographie\\\/\",\"name\":\"Infographie - Affichage Empreinte Verte inc\",\"isPartOf\":{\"@id\":\"https:\\\/\\\/affichageempreinteverte.ca\\\/#website\"},\"primaryImageOfPage\":{\"@id\":\"https:\\\/\\\/affichageempreinteverte.ca\\\/index.php\\\/infographie\\\/#primaryimage\"},\"image\":{\"@id\":\"https:\\\/\\\/affichageempreinteverte.ca\\\/index.php\\\/infographie\\\/#primaryimage\"},\"thumbnailUrl\":\"https:\\\/\\\/affichageempreinteverte.ca\\\/wp3\\\/wp-content\\\/uploads\\\/2026\\\/01\\\/Symbio.png\",\"datePublished\":\"2026-01-29T15:52:19+00:00\",\"dateModified\":\"2026-02-16T19:21:49+00:00\",\"breadcrumb\":{\"@id\":\"https:\\\/\\\/affichageempreinteverte.ca\\\/index.php\\\/infographie\\\/#breadcrumb\"},\"inLanguage\":\"en-CA\",\"potentialAction\":[{\"@type\":\"ReadAction\",\"target\":[\"https:\\\/\\\/affichageempreinteverte.ca\\\/index.php\\\/infographie\\\/\"]}]},{\"@type\":\"ImageObject\",\"inLanguage\":\"en-CA\",\"@id\":\"https:\\\/\\\/affichageempreinteverte.ca\\\/index.php\\\/infographie\\\/#primaryimage\",\"url\":\"https:\\\/\\\/affichageempreinteverte.ca\\\/wp3\\\/wp-content\\\/uploads\\\/2026\\\/01\\\/Symbio.png\",\"contentUrl\":\"https:\\\/\\\/affichageempreinteverte.ca\\\/wp3\\\/wp-content\\\/uploads\\\/2026\\\/01\\\/Symbio.png\",\"width\":1728,\"height\":1296},{\"@type\":\"BreadcrumbList\",\"@id\":\"https:\\\/\\\/affichageempreinteverte.ca\\\/index.php\\\/infographie\\\/#breadcrumb\",\"itemListElement\":[{\"@type\":\"ListItem\",\"position\":1,\"name\":\"Home\",\"item\":\"https:\\\/\\\/affichageempreinteverte.ca\\\/\"},{\"@type\":\"ListItem\",\"position\":2,\"name\":\"Infographie\"}]},{\"@type\":\"WebSite\",\"@id\":\"https:\\\/\\\/affichageempreinteverte.ca\\\/#website\",\"url\":\"https:\\\/\\\/affichageempreinteverte.ca\\\/\",\"name\":\"Affichage Empreinte Verte inc\",\"description\":\"\",\"publisher\":{\"@id\":\"https:\\\/\\\/affichageempreinteverte.ca\\\/#organization\"},\"potentialAction\":[{\"@type\":\"SearchAction\",\"target\":{\"@type\":\"EntryPoint\",\"urlTemplate\":\"https:\\\/\\\/affichageempreinteverte.ca\\\/?s={search_term_string}\"},\"query-input\":{\"@type\":\"PropertyValueSpecification\",\"valueRequired\":true,\"valueName\":\"search_term_string\"}}],\"inLanguage\":\"en-CA\"},{\"@type\":\"Organization\",\"@id\":\"https:\\\/\\\/affichageempreinteverte.ca\\\/#organization\",\"name\":\"Affichage Empreinte Verte inc\",\"url\":\"https:\\\/\\\/affichageempreinteverte.ca\\\/\",\"logo\":{\"@type\":\"ImageObject\",\"inLanguage\":\"en-CA\",\"@id\":\"https:\\\/\\\/affichageempreinteverte.ca\\\/#\\\/schema\\\/logo\\\/image\\\/\",\"url\":\"https:\\\/\\\/affichageempreinteverte.ca\\\/wp3\\\/wp-content\\\/uploads\\\/2025\\\/09\\\/logo-AEV-colors-web.png\",\"contentUrl\":\"https:\\\/\\\/affichageempreinteverte.ca\\\/wp3\\\/wp-content\\\/uploads\\\/2025\\\/09\\\/logo-AEV-colors-web.png\",\"width\":480,\"height\":336,\"caption\":\"Affichage Empreinte Verte inc\"},\"image\":{\"@id\":\"https:\\\/\\\/affichageempreinteverte.ca\\\/#\\\/schema\\\/logo\\\/image\\\/\"},\"sameAs\":[\"https:\\\/\\\/www.facebook.com\\\/AEVinc\\\/\",\"https:\\\/\\\/www.linkedin.com\\\/company\\\/aevinc\\\/\"]}]}<\/script>\n<!-- \/ Yoast SEO plugin. -->","yoast_head_json":{"title":"Infographie - Affichage Empreinte Verte inc","robots":{"index":"index","follow":"follow","max-snippet":"max-snippet:-1","max-image-preview":"max-image-preview:large","max-video-preview":"max-video-preview:-1"},"canonical":"https:\/\/affichageempreinteverte.ca\/index.php\/infographie\/","og_locale":"en_US","og_type":"article","og_title":"Infographie - Affichage Empreinte Verte inc","og_description":"Symbio D\u00e9veloppement d\u2019un ensemble complet de visuels de signalisation pour un immeuble r\u00e9sidentiel de 30 \u00e9tages. Les concepts ont \u00e9t\u00e9 \u00e9labor\u00e9s \u00e0 partir du branding officiel et des r\u00e9f\u00e9rences visuelles fournies, assurant une coh\u00e9rence graphique \u00e0 l\u2019\u00e9chelle du b\u00e2timent. restaurants [&hellip;]","og_url":"https:\/\/affichageempreinteverte.ca\/index.php\/infographie\/","og_site_name":"Affichage Empreinte Verte inc","article_publisher":"https:\/\/www.facebook.com\/AEVinc\/","article_modified_time":"2026-02-16T19:21:49+00:00","og_image":[{"url":"https:\/\/affichageempreinteverte.ca\/wp3\/wp-content\/uploads\/2026\/01\/Symbio.png","type":"","width":"","height":""}],"twitter_card":"summary_large_image","twitter_misc":{"Est. reading time":"3 minutes"},"schema":{"@context":"https:\/\/schema.org","@graph":[{"@type":"WebPage","@id":"https:\/\/affichageempreinteverte.ca\/index.php\/infographie\/","url":"https:\/\/affichageempreinteverte.ca\/index.php\/infographie\/","name":"Infographie - Affichage Empreinte Verte inc","isPartOf":{"@id":"https:\/\/affichageempreinteverte.ca\/#website"},"primaryImageOfPage":{"@id":"https:\/\/affichageempreinteverte.ca\/index.php\/infographie\/#primaryimage"},"image":{"@id":"https:\/\/affichageempreinteverte.ca\/index.php\/infographie\/#primaryimage"},"thumbnailUrl":"https:\/\/affichageempreinteverte.ca\/wp3\/wp-content\/uploads\/2026\/01\/Symbio.png","datePublished":"2026-01-29T15:52:19+00:00","dateModified":"2026-02-16T19:21:49+00:00","breadcrumb":{"@id":"https:\/\/affichageempreinteverte.ca\/index.php\/infographie\/#breadcrumb"},"inLanguage":"en-CA","potentialAction":[{"@type":"ReadAction","target":["https:\/\/affichageempreinteverte.ca\/index.php\/infographie\/"]}]},{"@type":"ImageObject","inLanguage":"en-CA","@id":"https:\/\/affichageempreinteverte.ca\/index.php\/infographie\/#primaryimage","url":"https:\/\/affichageempreinteverte.ca\/wp3\/wp-content\/uploads\/2026\/01\/Symbio.png","contentUrl":"https:\/\/affichageempreinteverte.ca\/wp3\/wp-content\/uploads\/2026\/01\/Symbio.png","width":1728,"height":1296},{"@type":"BreadcrumbList","@id":"https:\/\/affichageempreinteverte.ca\/index.php\/infographie\/#breadcrumb","itemListElement":[{"@type":"ListItem","position":1,"name":"Home","item":"https:\/\/affichageempreinteverte.ca\/"},{"@type":"ListItem","position":2,"name":"Infographie"}]},{"@type":"WebSite","@id":"https:\/\/affichageempreinteverte.ca\/#website","url":"https:\/\/affichageempreinteverte.ca\/","name":"Affichage Empreinte Verte inc","description":"","publisher":{"@id":"https:\/\/affichageempreinteverte.ca\/#organization"},"potentialAction":[{"@type":"SearchAction","target":{"@type":"EntryPoint","urlTemplate":"https:\/\/affichageempreinteverte.ca\/?s={search_term_string}"},"query-input":{"@type":"PropertyValueSpecification","valueRequired":true,"valueName":"search_term_string"}}],"inLanguage":"en-CA"},{"@type":"Organization","@id":"https:\/\/affichageempreinteverte.ca\/#organization","name":"Affichage Empreinte Verte inc","url":"https:\/\/affichageempreinteverte.ca\/","logo":{"@type":"ImageObject","inLanguage":"en-CA","@id":"https:\/\/affichageempreinteverte.ca\/#\/schema\/logo\/image\/","url":"https:\/\/affichageempreinteverte.ca\/wp3\/wp-content\/uploads\/2025\/09\/logo-AEV-colors-web.png","contentUrl":"https:\/\/affichageempreinteverte.ca\/wp3\/wp-content\/uploads\/2025\/09\/logo-AEV-colors-web.png","width":480,"height":336,"caption":"Affichage Empreinte Verte inc"},"image":{"@id":"https:\/\/affichageempreinteverte.ca\/#\/schema\/logo\/image\/"},"sameAs":["https:\/\/www.facebook.com\/AEVinc\/","https:\/\/www.linkedin.com\/company\/aevinc\/"]}]}},"jetpack_sharing_enabled":true,"_links":{"self":[{"href":"https:\/\/affichageempreinteverte.ca\/index.php\/wp-json\/wp\/v2\/pages\/6889","targetHints":{"allow":["GET"]}}],"collection":[{"href":"https:\/\/affichageempreinteverte.ca\/index.php\/wp-json\/wp\/v2\/pages"}],"about":[{"href":"https:\/\/affichageempreinteverte.ca\/index.php\/wp-json\/wp\/v2\/types\/page"}],"author":[{"embeddable":true,"href":"https:\/\/affichageempreinteverte.ca\/index.php\/wp-json\/wp\/v2\/users\/2"}],"replies":[{"embeddable":true,"href":"https:\/\/affichageempreinteverte.ca\/index.php\/wp-json\/wp\/v2\/comments?post=6889"}],"version-history":[{"count":16,"href":"https:\/\/affichageempreinteverte.ca\/index.php\/wp-json\/wp\/v2\/pages\/6889\/revisions"}],"predecessor-version":[{"id":7102,"href":"https:\/\/affichageempreinteverte.ca\/index.php\/wp-json\/wp\/v2\/pages\/6889\/revisions\/7102"}],"wp:attachment":[{"href":"https:\/\/affichageempreinteverte.ca\/index.php\/wp-json\/wp\/v2\/media?parent=6889"}],"curies":[{"name":"wp","href":"https:\/\/api.w.org\/{rel}","templated":true}]}}