{"id":4507,"date":"2025-12-11T11:11:02","date_gmt":"2025-12-11T16:11:02","guid":{"rendered":"https:\/\/affichageempreinteverte.ca\/wp3\/?page_id=4507"},"modified":"2026-02-16T14:30:21","modified_gmt":"2026-02-16T19:30:21","slug":"vinyle-givre-2","status":"publish","type":"page","link":"https:\/\/affichageempreinteverte.ca\/index.php\/vinyle-givre-2\/","title":{"rendered":"VINYLE GIVR\u00c9"},"content":{"rendered":"\t\t<div data-elementor-type=\"wp-page\" data-elementor-id=\"4507\" class=\"elementor elementor-4507\">\n\t\t\t\t<div class=\"elementor-element elementor-element-d20b230 e-flex e-con-boxed e-con e-parent\" data-id=\"d20b230\" data-element_type=\"container\" data-e-type=\"container\">\n\t\t\t\t\t<div class=\"e-con-inner\">\n\t\t\t\t<div class=\"elementor-element elementor-element-05e1387 elementor-widget elementor-widget-edgtf_team_carousel\" data-id=\"05e1387\" data-element_type=\"widget\" data-e-type=\"widget\" data-widget_type=\"edgtf_team_carousel.default\">\n\t\t\t\t<div class=\"elementor-widget-container\">\n\t\t\t\t\t\r\n        <div class=\"edgtf-team-carousel-holder edgtf-normal-space\">\r\n            <div class=\"edgtf-tc-inner edgtf-owl-slider\" data-number-of-items=\"1\" data-enable-loop=\"yes\" data-enable-autoplay=\"yes\" data-slider-speed=\"5000\" data-slider-speed-animation=\"600\" data-enable-navigation=\"yes\" data-enable-pagination=\"yes\">\r\n                <div class=\"edgtf-team-holder edgtf-team-info-below-image\">\n\t<div class=\"edgtf-team-inner\">\n\t\t\t\t\t<div class=\"edgtf-team-image\">\n                <img fetchpriority=\"high\" decoding=\"async\" width=\"1728\" height=\"1296\" src=\"https:\/\/affichageempreinteverte.ca\/wp3\/wp-content\/uploads\/2025\/12\/amdm.png\" class=\"attachment-full size-full\" alt=\"\" \/>\t\t\t<\/div>\n\t\t\t\t<div class=\"edgtf-team-info\">\n\t\t\t\t\t\t\t<h5 class=\"edgtf-team-name\" >AMDM<\/h5>\n\t\t\t\t\t\t\t\t\t\t\t\t\t<p class=\"edgtf-team-text\" >R\u00e9alisation d\u2019un motif sur mesure pour l\u2019Agence de mobilit\u00e9 durable de Montr\u00e9al. L\u2019impression sur vinyle givr\u00e9 permet d\u2019int\u00e9grer l\u2019identit\u00e9 visuelle du client tout en cr\u00e9ant un espace \u00e0 la fois discret et distinctif.<\/p>\n\t\t\t\t\t\t\t\t<\/div>\n\t<\/div>\n<\/div><div class=\"edgtf-team-holder edgtf-team-info-below-image\">\n\t<div class=\"edgtf-team-inner\">\n\t\t\t\t\t<div class=\"edgtf-team-image\">\n                <img decoding=\"async\" width=\"1728\" height=\"1296\" src=\"https:\/\/affichageempreinteverte.ca\/wp3\/wp-content\/uploads\/2025\/12\/cima.png\" class=\"attachment-full size-full\" alt=\"\" \/>\t\t\t<\/div>\n\t\t\t\t<div class=\"edgtf-team-info\">\n\t\t\t\t\t\t\t<h5 class=\"edgtf-team-name\" >CIMA+<\/h5>\n\t\t\t\t\t\t\t\t\t\t\t\t\t<p class=\"edgtf-team-text\" >D\u00e9coupe personnalis\u00e9e du logo et d\u2019\u00e9l\u00e9ments graphiques pour les bureaux de CIMA+. Un projet visant \u00e0 renforcer la pr\u00e9sence de marque et \u00e0 dynamiser les espaces vitr\u00e9s par un jeu subtil de transparence.<\/p>\n\t\t\t\t\t\t\t\t<\/div>\n\t<\/div>\n<\/div><div class=\"edgtf-team-holder edgtf-team-info-below-image\">\n\t<div class=\"edgtf-team-inner\">\n\t\t\t\t\t<div class=\"edgtf-team-image\">\n                <img decoding=\"async\" width=\"1728\" height=\"1296\" src=\"https:\/\/affichageempreinteverte.ca\/wp3\/wp-content\/uploads\/2025\/12\/libertas.png\" class=\"attachment-full size-full\" alt=\"\" \/>\t\t\t<\/div>\n\t\t\t\t<div class=\"edgtf-team-info\">\n\t\t\t\t\t\t\t<h5 class=\"edgtf-team-name\" >LIBERTAS I ET III<\/h5>\n\t\t\t\t\t\t\t\t\t\t\t\t\t<p class=\"edgtf-team-text\" >Conception et installation d\u2019un d\u00e9grad\u00e9 imprim\u00e9 pour cr\u00e9er des zones semi-priv\u00e9es dans des bureaux \u00e0 aire ouverte. Une approche raffin\u00e9e qui combine esth\u00e9tisme, confort visuel et coh\u00e9rence avec le design int\u00e9rieur.<\/p>\n\t\t\t\t\t\t\t\t<\/div>\n\t<\/div>\n<\/div><div class=\"edgtf-team-holder edgtf-team-info-below-image\">\n\t<div class=\"edgtf-team-inner\">\n\t\t\t\t\t<div class=\"edgtf-team-image\">\n                <img loading=\"lazy\" decoding=\"async\" width=\"1728\" height=\"1296\" src=\"https:\/\/affichageempreinteverte.ca\/wp3\/wp-content\/uploads\/2025\/12\/stc.png\" class=\"attachment-full size-full\" alt=\"\" \/>\t\t\t<\/div>\n\t\t\t\t<div class=\"edgtf-team-info\">\n\t\t\t\t\t\t\t<h5 class=\"edgtf-team-name\" >STC ACOUSTIQUE<\/h5>\n\t\t\t\t\t\t\t\t\t\t\t\t\t<p class=\"edgtf-team-text\" >Pose d\u2019un vinyle \u00e0 effet ondul\u00e9 pour offrir intimit\u00e9 et diffusion de la lumi\u00e8re dans un environnement corporatif moderne. Fini textur\u00e9 \u00e0 l\u2019apparence du verre cannel\u00e9 \u00e0 moindre co\u00fbt, tout en s\u2019int\u00e9grant harmonieusement \u00e0 l\u2019architecture existante.<\/p>\n\t\t\t\t\t\t\t\t<\/div>\n\t<\/div>\n<\/div><div class=\"edgtf-team-holder edgtf-team-info-below-image\">\n\t<div class=\"edgtf-team-inner\">\n\t\t\t\t\t<div class=\"edgtf-team-image\">\n                <img loading=\"lazy\" decoding=\"async\" width=\"1728\" height=\"1296\" src=\"https:\/\/affichageempreinteverte.ca\/wp3\/wp-content\/uploads\/2025\/12\/intimite.png\" class=\"attachment-full size-full\" alt=\"\" \/>\t\t\t<\/div>\n\t\t\t\t<div class=\"edgtf-team-info\">\n\t\t\t\t\t\t\t<h5 class=\"edgtf-team-name\" >GESTION DE L&#039;INTIMIT\u00c9<\/h5>\n\t\t\t\t\t\t\t\t\t\t\t\t\t<p class=\"edgtf-team-text\" >Chaque espace requiert un \u00e9quilibre unique entre luminosit\u00e9 et confidentialit\u00e9. Nos vinyles givr\u00e9es sont offerts en diff\u00e9rents degr\u00e9s d\u2019opacit\u00e9, permettant d\u2019ajuster le niveau d\u2019intimit\u00e9 tout en pr\u00e9servant la clart\u00e9 et l\u2019\u00e9l\u00e9gance des lieux.<\/p>\n\t\t\t\t\t\t\t\t<\/div>\n\t<\/div>\n<\/div>            <\/div>\r\n        <\/div>\r\n        \t\t\t\t<\/div>\n\t\t\t\t<\/div>\n\t\t\t\t\t<\/div>\n\t\t\t\t<\/div>\n\t\t\t\t<\/div>\n\t\t","protected":false},"excerpt":{"rendered":"<p>AMDM R\u00e9alisation d\u2019un motif sur mesure pour l\u2019Agence de mobilit\u00e9 durable de Montr\u00e9al. L\u2019impression sur vinyle givr\u00e9 permet d\u2019int\u00e9grer l\u2019identit\u00e9 visuelle du client tout en cr\u00e9ant un espace \u00e0 la fois discret et distinctif. CIMA+ D\u00e9coupe personnalis\u00e9e du logo et [&hellip;]<\/p>\n","protected":false},"author":2,"featured_media":0,"parent":0,"menu_order":0,"comment_status":"closed","ping_status":"closed","template":"","meta":{"footnotes":""},"class_list":["post-4507","page","type-page","status-publish","hentry"],"yoast_head":"<!-- This site is optimized with the Yoast SEO plugin v27.5 - https:\/\/yoast.com\/product\/yoast-seo-wordpress\/ -->\n<title>VINYLE GIVR\u00c9 - Affichage Empreinte Verte inc<\/title>\n<meta name=\"robots\" content=\"index, follow, max-snippet:-1, max-image-preview:large, max-video-preview:-1\" \/>\n<link rel=\"canonical\" href=\"https:\/\/affichageempreinteverte.ca\/index.php\/vinyle-givre-2\/\" \/>\n<meta property=\"og:locale\" content=\"en_US\" \/>\n<meta property=\"og:type\" content=\"article\" \/>\n<meta property=\"og:title\" content=\"VINYLE GIVR\u00c9 - Affichage Empreinte Verte inc\" \/>\n<meta property=\"og:description\" content=\"AMDM R\u00e9alisation d\u2019un motif sur mesure pour l\u2019Agence de mobilit\u00e9 durable de Montr\u00e9al. L\u2019impression sur vinyle givr\u00e9 permet d\u2019int\u00e9grer l\u2019identit\u00e9 visuelle du client tout en cr\u00e9ant un espace \u00e0 la fois discret et distinctif. CIMA+ D\u00e9coupe personnalis\u00e9e du logo et [&hellip;]\" \/>\n<meta property=\"og:url\" content=\"https:\/\/affichageempreinteverte.ca\/index.php\/vinyle-givre-2\/\" \/>\n<meta property=\"og:site_name\" content=\"Affichage Empreinte Verte inc\" \/>\n<meta property=\"article:publisher\" content=\"https:\/\/www.facebook.com\/AEVinc\/\" \/>\n<meta property=\"article:modified_time\" content=\"2026-02-16T19:30:21+00:00\" \/>\n<meta property=\"og:image\" content=\"https:\/\/affichageempreinteverte.ca\/wp3\/wp-content\/uploads\/2025\/12\/amdm.png\" \/>\n<meta name=\"twitter:card\" content=\"summary_large_image\" \/>\n<meta name=\"twitter:label1\" content=\"Est. reading time\" \/>\n\t<meta name=\"twitter:data1\" content=\"4 minutes\" \/>\n<script type=\"application\/ld+json\" class=\"yoast-schema-graph\">{\"@context\":\"https:\\\/\\\/schema.org\",\"@graph\":[{\"@type\":\"WebPage\",\"@id\":\"https:\\\/\\\/affichageempreinteverte.ca\\\/index.php\\\/vinyle-givre-2\\\/\",\"url\":\"https:\\\/\\\/affichageempreinteverte.ca\\\/index.php\\\/vinyle-givre-2\\\/\",\"name\":\"VINYLE GIVR\u00c9 - Affichage Empreinte Verte inc\",\"isPartOf\":{\"@id\":\"https:\\\/\\\/affichageempreinteverte.ca\\\/#website\"},\"primaryImageOfPage\":{\"@id\":\"https:\\\/\\\/affichageempreinteverte.ca\\\/index.php\\\/vinyle-givre-2\\\/#primaryimage\"},\"image\":{\"@id\":\"https:\\\/\\\/affichageempreinteverte.ca\\\/index.php\\\/vinyle-givre-2\\\/#primaryimage\"},\"thumbnailUrl\":\"https:\\\/\\\/affichageempreinteverte.ca\\\/wp3\\\/wp-content\\\/uploads\\\/2025\\\/12\\\/amdm.png\",\"datePublished\":\"2025-12-11T16:11:02+00:00\",\"dateModified\":\"2026-02-16T19:30:21+00:00\",\"breadcrumb\":{\"@id\":\"https:\\\/\\\/affichageempreinteverte.ca\\\/index.php\\\/vinyle-givre-2\\\/#breadcrumb\"},\"inLanguage\":\"en-CA\",\"potentialAction\":[{\"@type\":\"ReadAction\",\"target\":[\"https:\\\/\\\/affichageempreinteverte.ca\\\/index.php\\\/vinyle-givre-2\\\/\"]}]},{\"@type\":\"ImageObject\",\"inLanguage\":\"en-CA\",\"@id\":\"https:\\\/\\\/affichageempreinteverte.ca\\\/index.php\\\/vinyle-givre-2\\\/#primaryimage\",\"url\":\"https:\\\/\\\/affichageempreinteverte.ca\\\/wp3\\\/wp-content\\\/uploads\\\/2025\\\/12\\\/amdm.png\",\"contentUrl\":\"https:\\\/\\\/affichageempreinteverte.ca\\\/wp3\\\/wp-content\\\/uploads\\\/2025\\\/12\\\/amdm.png\",\"width\":1728,\"height\":1296,\"caption\":\"R\u00e9alisation d\u2019un motif sur mesure pour l\u2019Agence de mobilit\u00e9 durable de Montr\u00e9al. L\u2019impression sur vinyle givr\u00e9 permet d\u2019int\u00e9grer l\u2019identit\u00e9 visuelle du client tout en cr\u00e9ant un espace \u00e0 la fois discret et distinctif.\"},{\"@type\":\"BreadcrumbList\",\"@id\":\"https:\\\/\\\/affichageempreinteverte.ca\\\/index.php\\\/vinyle-givre-2\\\/#breadcrumb\",\"itemListElement\":[{\"@type\":\"ListItem\",\"position\":1,\"name\":\"Home\",\"item\":\"https:\\\/\\\/affichageempreinteverte.ca\\\/\"},{\"@type\":\"ListItem\",\"position\":2,\"name\":\"VINYLE GIVR\u00c9\"}]},{\"@type\":\"WebSite\",\"@id\":\"https:\\\/\\\/affichageempreinteverte.ca\\\/#website\",\"url\":\"https:\\\/\\\/affichageempreinteverte.ca\\\/\",\"name\":\"Affichage Empreinte Verte inc\",\"description\":\"\",\"publisher\":{\"@id\":\"https:\\\/\\\/affichageempreinteverte.ca\\\/#organization\"},\"potentialAction\":[{\"@type\":\"SearchAction\",\"target\":{\"@type\":\"EntryPoint\",\"urlTemplate\":\"https:\\\/\\\/affichageempreinteverte.ca\\\/?s={search_term_string}\"},\"query-input\":{\"@type\":\"PropertyValueSpecification\",\"valueRequired\":true,\"valueName\":\"search_term_string\"}}],\"inLanguage\":\"en-CA\"},{\"@type\":\"Organization\",\"@id\":\"https:\\\/\\\/affichageempreinteverte.ca\\\/#organization\",\"name\":\"Affichage Empreinte Verte inc\",\"url\":\"https:\\\/\\\/affichageempreinteverte.ca\\\/\",\"logo\":{\"@type\":\"ImageObject\",\"inLanguage\":\"en-CA\",\"@id\":\"https:\\\/\\\/affichageempreinteverte.ca\\\/#\\\/schema\\\/logo\\\/image\\\/\",\"url\":\"https:\\\/\\\/affichageempreinteverte.ca\\\/wp3\\\/wp-content\\\/uploads\\\/2025\\\/09\\\/logo-AEV-colors-web.png\",\"contentUrl\":\"https:\\\/\\\/affichageempreinteverte.ca\\\/wp3\\\/wp-content\\\/uploads\\\/2025\\\/09\\\/logo-AEV-colors-web.png\",\"width\":480,\"height\":336,\"caption\":\"Affichage Empreinte Verte inc\"},\"image\":{\"@id\":\"https:\\\/\\\/affichageempreinteverte.ca\\\/#\\\/schema\\\/logo\\\/image\\\/\"},\"sameAs\":[\"https:\\\/\\\/www.facebook.com\\\/AEVinc\\\/\",\"https:\\\/\\\/www.linkedin.com\\\/company\\\/aevinc\\\/\"]}]}<\/script>\n<!-- \/ Yoast SEO plugin. -->","yoast_head_json":{"title":"VINYLE GIVR\u00c9 - Affichage Empreinte Verte inc","robots":{"index":"index","follow":"follow","max-snippet":"max-snippet:-1","max-image-preview":"max-image-preview:large","max-video-preview":"max-video-preview:-1"},"canonical":"https:\/\/affichageempreinteverte.ca\/index.php\/vinyle-givre-2\/","og_locale":"en_US","og_type":"article","og_title":"VINYLE GIVR\u00c9 - Affichage Empreinte Verte inc","og_description":"AMDM R\u00e9alisation d\u2019un motif sur mesure pour l\u2019Agence de mobilit\u00e9 durable de Montr\u00e9al. L\u2019impression sur vinyle givr\u00e9 permet d\u2019int\u00e9grer l\u2019identit\u00e9 visuelle du client tout en cr\u00e9ant un espace \u00e0 la fois discret et distinctif. CIMA+ D\u00e9coupe personnalis\u00e9e du logo et [&hellip;]","og_url":"https:\/\/affichageempreinteverte.ca\/index.php\/vinyle-givre-2\/","og_site_name":"Affichage Empreinte Verte inc","article_publisher":"https:\/\/www.facebook.com\/AEVinc\/","article_modified_time":"2026-02-16T19:30:21+00:00","og_image":[{"url":"https:\/\/affichageempreinteverte.ca\/wp3\/wp-content\/uploads\/2025\/12\/amdm.png","type":"","width":"","height":""}],"twitter_card":"summary_large_image","twitter_misc":{"Est. reading time":"4 minutes"},"schema":{"@context":"https:\/\/schema.org","@graph":[{"@type":"WebPage","@id":"https:\/\/affichageempreinteverte.ca\/index.php\/vinyle-givre-2\/","url":"https:\/\/affichageempreinteverte.ca\/index.php\/vinyle-givre-2\/","name":"VINYLE GIVR\u00c9 - Affichage Empreinte Verte inc","isPartOf":{"@id":"https:\/\/affichageempreinteverte.ca\/#website"},"primaryImageOfPage":{"@id":"https:\/\/affichageempreinteverte.ca\/index.php\/vinyle-givre-2\/#primaryimage"},"image":{"@id":"https:\/\/affichageempreinteverte.ca\/index.php\/vinyle-givre-2\/#primaryimage"},"thumbnailUrl":"https:\/\/affichageempreinteverte.ca\/wp3\/wp-content\/uploads\/2025\/12\/amdm.png","datePublished":"2025-12-11T16:11:02+00:00","dateModified":"2026-02-16T19:30:21+00:00","breadcrumb":{"@id":"https:\/\/affichageempreinteverte.ca\/index.php\/vinyle-givre-2\/#breadcrumb"},"inLanguage":"en-CA","potentialAction":[{"@type":"ReadAction","target":["https:\/\/affichageempreinteverte.ca\/index.php\/vinyle-givre-2\/"]}]},{"@type":"ImageObject","inLanguage":"en-CA","@id":"https:\/\/affichageempreinteverte.ca\/index.php\/vinyle-givre-2\/#primaryimage","url":"https:\/\/affichageempreinteverte.ca\/wp3\/wp-content\/uploads\/2025\/12\/amdm.png","contentUrl":"https:\/\/affichageempreinteverte.ca\/wp3\/wp-content\/uploads\/2025\/12\/amdm.png","width":1728,"height":1296,"caption":"R\u00e9alisation d\u2019un motif sur mesure pour l\u2019Agence de mobilit\u00e9 durable de Montr\u00e9al. L\u2019impression sur vinyle givr\u00e9 permet d\u2019int\u00e9grer l\u2019identit\u00e9 visuelle du client tout en cr\u00e9ant un espace \u00e0 la fois discret et distinctif."},{"@type":"BreadcrumbList","@id":"https:\/\/affichageempreinteverte.ca\/index.php\/vinyle-givre-2\/#breadcrumb","itemListElement":[{"@type":"ListItem","position":1,"name":"Home","item":"https:\/\/affichageempreinteverte.ca\/"},{"@type":"ListItem","position":2,"name":"VINYLE GIVR\u00c9"}]},{"@type":"WebSite","@id":"https:\/\/affichageempreinteverte.ca\/#website","url":"https:\/\/affichageempreinteverte.ca\/","name":"Affichage Empreinte Verte inc","description":"","publisher":{"@id":"https:\/\/affichageempreinteverte.ca\/#organization"},"potentialAction":[{"@type":"SearchAction","target":{"@type":"EntryPoint","urlTemplate":"https:\/\/affichageempreinteverte.ca\/?s={search_term_string}"},"query-input":{"@type":"PropertyValueSpecification","valueRequired":true,"valueName":"search_term_string"}}],"inLanguage":"en-CA"},{"@type":"Organization","@id":"https:\/\/affichageempreinteverte.ca\/#organization","name":"Affichage Empreinte Verte inc","url":"https:\/\/affichageempreinteverte.ca\/","logo":{"@type":"ImageObject","inLanguage":"en-CA","@id":"https:\/\/affichageempreinteverte.ca\/#\/schema\/logo\/image\/","url":"https:\/\/affichageempreinteverte.ca\/wp3\/wp-content\/uploads\/2025\/09\/logo-AEV-colors-web.png","contentUrl":"https:\/\/affichageempreinteverte.ca\/wp3\/wp-content\/uploads\/2025\/09\/logo-AEV-colors-web.png","width":480,"height":336,"caption":"Affichage Empreinte Verte inc"},"image":{"@id":"https:\/\/affichageempreinteverte.ca\/#\/schema\/logo\/image\/"},"sameAs":["https:\/\/www.facebook.com\/AEVinc\/","https:\/\/www.linkedin.com\/company\/aevinc\/"]}]}},"jetpack_sharing_enabled":true,"_links":{"self":[{"href":"https:\/\/affichageempreinteverte.ca\/index.php\/wp-json\/wp\/v2\/pages\/4507","targetHints":{"allow":["GET"]}}],"collection":[{"href":"https:\/\/affichageempreinteverte.ca\/index.php\/wp-json\/wp\/v2\/pages"}],"about":[{"href":"https:\/\/affichageempreinteverte.ca\/index.php\/wp-json\/wp\/v2\/types\/page"}],"author":[{"embeddable":true,"href":"https:\/\/affichageempreinteverte.ca\/index.php\/wp-json\/wp\/v2\/users\/2"}],"replies":[{"embeddable":true,"href":"https:\/\/affichageempreinteverte.ca\/index.php\/wp-json\/wp\/v2\/comments?post=4507"}],"version-history":[{"count":10,"href":"https:\/\/affichageempreinteverte.ca\/index.php\/wp-json\/wp\/v2\/pages\/4507\/revisions"}],"predecessor-version":[{"id":7108,"href":"https:\/\/affichageempreinteverte.ca\/index.php\/wp-json\/wp\/v2\/pages\/4507\/revisions\/7108"}],"wp:attachment":[{"href":"https:\/\/affichageempreinteverte.ca\/index.php\/wp-json\/wp\/v2\/media?parent=4507"}],"curies":[{"name":"wp","href":"https:\/\/api.w.org\/{rel}","templated":true}]}}