{"id":4496,"date":"2025-12-11T10:50:46","date_gmt":"2025-12-11T15:50:46","guid":{"rendered":"https:\/\/affichageempreinteverte.ca\/wp3\/?page_id=4496"},"modified":"2026-02-16T14:32:56","modified_gmt":"2026-02-16T19:32:56","slug":"signalisation","status":"publish","type":"page","link":"https:\/\/affichageempreinteverte.ca\/index.php\/signalisation\/","title":{"rendered":"Signalisation"},"content":{"rendered":"\t\t<div data-elementor-type=\"wp-page\" data-elementor-id=\"4496\" class=\"elementor elementor-4496\">\n\t\t\t\t<div class=\"elementor-element elementor-element-1f275e8 e-flex e-con-boxed e-con e-parent\" data-id=\"1f275e8\" data-element_type=\"container\" data-e-type=\"container\">\n\t\t\t\t\t<div class=\"e-con-inner\">\n\t\t\t\t<div class=\"elementor-element elementor-element-534517b elementor-widget elementor-widget-edgtf_team_carousel\" data-id=\"534517b\" data-element_type=\"widget\" data-e-type=\"widget\" data-widget_type=\"edgtf_team_carousel.default\">\n\t\t\t\t<div class=\"elementor-widget-container\">\n\t\t\t\t\t\r\n        <div class=\"edgtf-team-carousel-holder edgtf-normal-space\">\r\n            <div class=\"edgtf-tc-inner edgtf-owl-slider\" data-number-of-items=\"1\" data-enable-loop=\"yes\" data-enable-autoplay=\"yes\" data-slider-speed=\"5000\" data-slider-speed-animation=\"600\" data-enable-navigation=\"yes\" data-enable-pagination=\"yes\">\r\n                <div class=\"edgtf-team-holder edgtf-team-info-below-image\">\n\t<div class=\"edgtf-team-inner\">\n\t\t\t\t\t<div class=\"edgtf-team-image\">\n                <img fetchpriority=\"high\" decoding=\"async\" width=\"1728\" height=\"1296\" src=\"https:\/\/affichageempreinteverte.ca\/wp3\/wp-content\/uploads\/2025\/12\/gest.png\" class=\"attachment-full size-full\" alt=\"\" \/>\t\t\t<\/div>\n\t\t\t\t<div class=\"edgtf-team-info\">\n\t\t\t\t\t\t\t<h5 class=\"edgtf-team-name\" >GEST SUR GOUIN<\/h5>\n\t\t\t\t\t\t\t\t\t\t\t\t\t<p class=\"edgtf-team-text\" >Conception et installation d\u2019une signal\u00e9tique \u00e9pur\u00e9e et directionnelle pour un complexe r\u00e9sidentiel moderne. Une solution durable et harmonieuse, facilitant la circulation et  enfor\u00e7ant l\u2019identit\u00e9 du lieu.<\/p>\n\t\t\t\t\t\t\t\t<\/div>\n\t<\/div>\n<\/div><div class=\"edgtf-team-holder edgtf-team-info-below-image\">\n\t<div class=\"edgtf-team-inner\">\n\t\t\t\t\t<div class=\"edgtf-team-image\">\n                <img decoding=\"async\" width=\"1728\" height=\"1296\" src=\"https:\/\/affichageempreinteverte.ca\/wp3\/wp-content\/uploads\/2025\/12\/gest-2.png\" class=\"attachment-full size-full\" alt=\"\" \/>\t\t\t<\/div>\n\t\t\t\t<div class=\"edgtf-team-info\">\n\t\t\t\t\t\t\t<h5 class=\"edgtf-team-name\" >GEST SUR GOUIN<\/h5>\n\t\t\t\t\t\t\t\t\t\t\t\t\t<p class=\"edgtf-team-text\" >Conception et installation d\u2019une signal\u00e9tique \u00e9pur\u00e9e et directionnelle pour un complexe r\u00e9sidentiel moderne. Une solution durable et harmonieuse, facilitant la circulation et  enfor\u00e7ant l\u2019identit\u00e9 du lieu.<\/p>\n\t\t\t\t\t\t\t\t<\/div>\n\t<\/div>\n<\/div><div class=\"edgtf-team-holder edgtf-team-info-below-image\">\n\t<div class=\"edgtf-team-inner\">\n\t\t\t\t\t<div class=\"edgtf-team-image\">\n                <img decoding=\"async\" width=\"1728\" height=\"1296\" src=\"https:\/\/affichageempreinteverte.ca\/wp3\/wp-content\/uploads\/2025\/12\/cima2.png\" class=\"attachment-full size-full\" alt=\"\" \/>\t\t\t<\/div>\n\t\t\t\t<div class=\"edgtf-team-info\">\n\t\t\t\t\t\t\t<h5 class=\"edgtf-team-name\" >CIMA+<\/h5>\n\t\t\t\t\t\t\t\t\t\t\t\t\t<p class=\"edgtf-team-text\" >Fabrication et installation d\u2019\u00e9l\u00e9ments signal\u00e9tiques sur mesure pour les bureaux de CIMA+. Un design professionnel et coh\u00e9rent, en continuit\u00e9 avec l\u2019image de marque de l\u2019entreprise.<\/p>\n\t\t\t\t\t\t\t\t<\/div>\n\t<\/div>\n<\/div><div class=\"edgtf-team-holder edgtf-team-info-below-image\">\n\t<div class=\"edgtf-team-inner\">\n\t\t\t\t\t<div class=\"edgtf-team-image\">\n                <img loading=\"lazy\" decoding=\"async\" width=\"1728\" height=\"1296\" src=\"https:\/\/affichageempreinteverte.ca\/wp3\/wp-content\/uploads\/2025\/12\/mcdougall.png\" class=\"attachment-full size-full\" alt=\"\" \/>\t\t\t<\/div>\n\t\t\t\t<div class=\"edgtf-team-info\">\n\t\t\t\t\t\t\t<h5 class=\"edgtf-team-name\" >219 ST-R\u00c9GIS SUD<\/h5>\n\t\t\t\t\t\t\t\t\t\t\t\t\t<p class=\"edgtf-team-text\" >Conception et pose d\u2019une signalisation compl\u00e8te pour les appartements du 219 St-R\u00e9gis Sud. Un projet cl\u00e9 en main alliant lisibilit\u00e9, esth\u00e9tisme et respect des normes d\u2019accessibilit\u00e9.<\/p>\n\t\t\t\t\t\t\t\t<\/div>\n\t<\/div>\n<\/div>            <\/div>\r\n        <\/div>\r\n        \t\t\t\t<\/div>\n\t\t\t\t<\/div>\n\t\t\t\t\t<\/div>\n\t\t\t\t<\/div>\n\t\t\t\t<\/div>\n\t\t","protected":false},"excerpt":{"rendered":"<p>GEST SUR GOUIN Conception et installation d\u2019une signal\u00e9tique \u00e9pur\u00e9e et directionnelle pour un complexe r\u00e9sidentiel moderne. Une solution durable et harmonieuse, facilitant la circulation et enfor\u00e7ant l\u2019identit\u00e9 du lieu. GEST SUR GOUIN Conception et installation d\u2019une signal\u00e9tique \u00e9pur\u00e9e et directionnelle [&hellip;]<\/p>\n","protected":false},"author":2,"featured_media":0,"parent":0,"menu_order":0,"comment_status":"closed","ping_status":"closed","template":"","meta":{"footnotes":""},"class_list":["post-4496","page","type-page","status-publish","hentry"],"yoast_head":"<!-- This site is optimized with the Yoast SEO plugin v27.5 - https:\/\/yoast.com\/product\/yoast-seo-wordpress\/ -->\n<title>Signalisation - Affichage Empreinte Verte inc<\/title>\n<meta name=\"robots\" content=\"index, follow, max-snippet:-1, max-image-preview:large, max-video-preview:-1\" \/>\n<link rel=\"canonical\" href=\"https:\/\/affichageempreinteverte.ca\/index.php\/signalisation\/\" \/>\n<meta property=\"og:locale\" content=\"en_US\" \/>\n<meta property=\"og:type\" content=\"article\" \/>\n<meta property=\"og:title\" content=\"Signalisation - Affichage Empreinte Verte inc\" \/>\n<meta property=\"og:description\" content=\"GEST SUR GOUIN Conception et installation d\u2019une signal\u00e9tique \u00e9pur\u00e9e et directionnelle pour un complexe r\u00e9sidentiel moderne. Une solution durable et harmonieuse, facilitant la circulation et enfor\u00e7ant l\u2019identit\u00e9 du lieu. GEST SUR GOUIN Conception et installation d\u2019une signal\u00e9tique \u00e9pur\u00e9e et directionnelle [&hellip;]\" \/>\n<meta property=\"og:url\" content=\"https:\/\/affichageempreinteverte.ca\/index.php\/signalisation\/\" \/>\n<meta property=\"og:site_name\" content=\"Affichage Empreinte Verte inc\" \/>\n<meta property=\"article:publisher\" content=\"https:\/\/www.facebook.com\/AEVinc\/\" \/>\n<meta property=\"article:modified_time\" content=\"2026-02-16T19:32:56+00:00\" \/>\n<meta property=\"og:image\" content=\"https:\/\/affichageempreinteverte.ca\/wp3\/wp-content\/uploads\/2025\/12\/gest.png\" \/>\n<meta name=\"twitter:card\" content=\"summary_large_image\" \/>\n<meta name=\"twitter:label1\" content=\"Est. reading time\" \/>\n\t<meta name=\"twitter:data1\" content=\"3 minutes\" \/>\n<script type=\"application\/ld+json\" class=\"yoast-schema-graph\">{\"@context\":\"https:\\\/\\\/schema.org\",\"@graph\":[{\"@type\":\"WebPage\",\"@id\":\"https:\\\/\\\/affichageempreinteverte.ca\\\/index.php\\\/signalisation\\\/\",\"url\":\"https:\\\/\\\/affichageempreinteverte.ca\\\/index.php\\\/signalisation\\\/\",\"name\":\"Signalisation - Affichage Empreinte Verte inc\",\"isPartOf\":{\"@id\":\"https:\\\/\\\/affichageempreinteverte.ca\\\/#website\"},\"primaryImageOfPage\":{\"@id\":\"https:\\\/\\\/affichageempreinteverte.ca\\\/index.php\\\/signalisation\\\/#primaryimage\"},\"image\":{\"@id\":\"https:\\\/\\\/affichageempreinteverte.ca\\\/index.php\\\/signalisation\\\/#primaryimage\"},\"thumbnailUrl\":\"https:\\\/\\\/affichageempreinteverte.ca\\\/wp3\\\/wp-content\\\/uploads\\\/2025\\\/12\\\/gest.png\",\"datePublished\":\"2025-12-11T15:50:46+00:00\",\"dateModified\":\"2026-02-16T19:32:56+00:00\",\"breadcrumb\":{\"@id\":\"https:\\\/\\\/affichageempreinteverte.ca\\\/index.php\\\/signalisation\\\/#breadcrumb\"},\"inLanguage\":\"en-CA\",\"potentialAction\":[{\"@type\":\"ReadAction\",\"target\":[\"https:\\\/\\\/affichageempreinteverte.ca\\\/index.php\\\/signalisation\\\/\"]}]},{\"@type\":\"ImageObject\",\"inLanguage\":\"en-CA\",\"@id\":\"https:\\\/\\\/affichageempreinteverte.ca\\\/index.php\\\/signalisation\\\/#primaryimage\",\"url\":\"https:\\\/\\\/affichageempreinteverte.ca\\\/wp3\\\/wp-content\\\/uploads\\\/2025\\\/12\\\/gest.png\",\"contentUrl\":\"https:\\\/\\\/affichageempreinteverte.ca\\\/wp3\\\/wp-content\\\/uploads\\\/2025\\\/12\\\/gest.png\",\"width\":1728,\"height\":1296},{\"@type\":\"BreadcrumbList\",\"@id\":\"https:\\\/\\\/affichageempreinteverte.ca\\\/index.php\\\/signalisation\\\/#breadcrumb\",\"itemListElement\":[{\"@type\":\"ListItem\",\"position\":1,\"name\":\"Home\",\"item\":\"https:\\\/\\\/affichageempreinteverte.ca\\\/\"},{\"@type\":\"ListItem\",\"position\":2,\"name\":\"Signalisation\"}]},{\"@type\":\"WebSite\",\"@id\":\"https:\\\/\\\/affichageempreinteverte.ca\\\/#website\",\"url\":\"https:\\\/\\\/affichageempreinteverte.ca\\\/\",\"name\":\"Affichage Empreinte Verte inc\",\"description\":\"\",\"publisher\":{\"@id\":\"https:\\\/\\\/affichageempreinteverte.ca\\\/#organization\"},\"potentialAction\":[{\"@type\":\"SearchAction\",\"target\":{\"@type\":\"EntryPoint\",\"urlTemplate\":\"https:\\\/\\\/affichageempreinteverte.ca\\\/?s={search_term_string}\"},\"query-input\":{\"@type\":\"PropertyValueSpecification\",\"valueRequired\":true,\"valueName\":\"search_term_string\"}}],\"inLanguage\":\"en-CA\"},{\"@type\":\"Organization\",\"@id\":\"https:\\\/\\\/affichageempreinteverte.ca\\\/#organization\",\"name\":\"Affichage Empreinte Verte inc\",\"url\":\"https:\\\/\\\/affichageempreinteverte.ca\\\/\",\"logo\":{\"@type\":\"ImageObject\",\"inLanguage\":\"en-CA\",\"@id\":\"https:\\\/\\\/affichageempreinteverte.ca\\\/#\\\/schema\\\/logo\\\/image\\\/\",\"url\":\"https:\\\/\\\/affichageempreinteverte.ca\\\/wp3\\\/wp-content\\\/uploads\\\/2025\\\/09\\\/logo-AEV-colors-web.png\",\"contentUrl\":\"https:\\\/\\\/affichageempreinteverte.ca\\\/wp3\\\/wp-content\\\/uploads\\\/2025\\\/09\\\/logo-AEV-colors-web.png\",\"width\":480,\"height\":336,\"caption\":\"Affichage Empreinte Verte inc\"},\"image\":{\"@id\":\"https:\\\/\\\/affichageempreinteverte.ca\\\/#\\\/schema\\\/logo\\\/image\\\/\"},\"sameAs\":[\"https:\\\/\\\/www.facebook.com\\\/AEVinc\\\/\",\"https:\\\/\\\/www.linkedin.com\\\/company\\\/aevinc\\\/\"]}]}<\/script>\n<!-- \/ Yoast SEO plugin. -->","yoast_head_json":{"title":"Signalisation - Affichage Empreinte Verte inc","robots":{"index":"index","follow":"follow","max-snippet":"max-snippet:-1","max-image-preview":"max-image-preview:large","max-video-preview":"max-video-preview:-1"},"canonical":"https:\/\/affichageempreinteverte.ca\/index.php\/signalisation\/","og_locale":"en_US","og_type":"article","og_title":"Signalisation - Affichage Empreinte Verte inc","og_description":"GEST SUR GOUIN Conception et installation d\u2019une signal\u00e9tique \u00e9pur\u00e9e et directionnelle pour un complexe r\u00e9sidentiel moderne. Une solution durable et harmonieuse, facilitant la circulation et enfor\u00e7ant l\u2019identit\u00e9 du lieu. GEST SUR GOUIN Conception et installation d\u2019une signal\u00e9tique \u00e9pur\u00e9e et directionnelle [&hellip;]","og_url":"https:\/\/affichageempreinteverte.ca\/index.php\/signalisation\/","og_site_name":"Affichage Empreinte Verte inc","article_publisher":"https:\/\/www.facebook.com\/AEVinc\/","article_modified_time":"2026-02-16T19:32:56+00:00","og_image":[{"url":"https:\/\/affichageempreinteverte.ca\/wp3\/wp-content\/uploads\/2025\/12\/gest.png","type":"","width":"","height":""}],"twitter_card":"summary_large_image","twitter_misc":{"Est. reading time":"3 minutes"},"schema":{"@context":"https:\/\/schema.org","@graph":[{"@type":"WebPage","@id":"https:\/\/affichageempreinteverte.ca\/index.php\/signalisation\/","url":"https:\/\/affichageempreinteverte.ca\/index.php\/signalisation\/","name":"Signalisation - Affichage Empreinte Verte inc","isPartOf":{"@id":"https:\/\/affichageempreinteverte.ca\/#website"},"primaryImageOfPage":{"@id":"https:\/\/affichageempreinteverte.ca\/index.php\/signalisation\/#primaryimage"},"image":{"@id":"https:\/\/affichageempreinteverte.ca\/index.php\/signalisation\/#primaryimage"},"thumbnailUrl":"https:\/\/affichageempreinteverte.ca\/wp3\/wp-content\/uploads\/2025\/12\/gest.png","datePublished":"2025-12-11T15:50:46+00:00","dateModified":"2026-02-16T19:32:56+00:00","breadcrumb":{"@id":"https:\/\/affichageempreinteverte.ca\/index.php\/signalisation\/#breadcrumb"},"inLanguage":"en-CA","potentialAction":[{"@type":"ReadAction","target":["https:\/\/affichageempreinteverte.ca\/index.php\/signalisation\/"]}]},{"@type":"ImageObject","inLanguage":"en-CA","@id":"https:\/\/affichageempreinteverte.ca\/index.php\/signalisation\/#primaryimage","url":"https:\/\/affichageempreinteverte.ca\/wp3\/wp-content\/uploads\/2025\/12\/gest.png","contentUrl":"https:\/\/affichageempreinteverte.ca\/wp3\/wp-content\/uploads\/2025\/12\/gest.png","width":1728,"height":1296},{"@type":"BreadcrumbList","@id":"https:\/\/affichageempreinteverte.ca\/index.php\/signalisation\/#breadcrumb","itemListElement":[{"@type":"ListItem","position":1,"name":"Home","item":"https:\/\/affichageempreinteverte.ca\/"},{"@type":"ListItem","position":2,"name":"Signalisation"}]},{"@type":"WebSite","@id":"https:\/\/affichageempreinteverte.ca\/#website","url":"https:\/\/affichageempreinteverte.ca\/","name":"Affichage Empreinte Verte inc","description":"","publisher":{"@id":"https:\/\/affichageempreinteverte.ca\/#organization"},"potentialAction":[{"@type":"SearchAction","target":{"@type":"EntryPoint","urlTemplate":"https:\/\/affichageempreinteverte.ca\/?s={search_term_string}"},"query-input":{"@type":"PropertyValueSpecification","valueRequired":true,"valueName":"search_term_string"}}],"inLanguage":"en-CA"},{"@type":"Organization","@id":"https:\/\/affichageempreinteverte.ca\/#organization","name":"Affichage Empreinte Verte inc","url":"https:\/\/affichageempreinteverte.ca\/","logo":{"@type":"ImageObject","inLanguage":"en-CA","@id":"https:\/\/affichageempreinteverte.ca\/#\/schema\/logo\/image\/","url":"https:\/\/affichageempreinteverte.ca\/wp3\/wp-content\/uploads\/2025\/09\/logo-AEV-colors-web.png","contentUrl":"https:\/\/affichageempreinteverte.ca\/wp3\/wp-content\/uploads\/2025\/09\/logo-AEV-colors-web.png","width":480,"height":336,"caption":"Affichage Empreinte Verte inc"},"image":{"@id":"https:\/\/affichageempreinteverte.ca\/#\/schema\/logo\/image\/"},"sameAs":["https:\/\/www.facebook.com\/AEVinc\/","https:\/\/www.linkedin.com\/company\/aevinc\/"]}]}},"jetpack_sharing_enabled":true,"_links":{"self":[{"href":"https:\/\/affichageempreinteverte.ca\/index.php\/wp-json\/wp\/v2\/pages\/4496","targetHints":{"allow":["GET"]}}],"collection":[{"href":"https:\/\/affichageempreinteverte.ca\/index.php\/wp-json\/wp\/v2\/pages"}],"about":[{"href":"https:\/\/affichageempreinteverte.ca\/index.php\/wp-json\/wp\/v2\/types\/page"}],"author":[{"embeddable":true,"href":"https:\/\/affichageempreinteverte.ca\/index.php\/wp-json\/wp\/v2\/users\/2"}],"replies":[{"embeddable":true,"href":"https:\/\/affichageempreinteverte.ca\/index.php\/wp-json\/wp\/v2\/comments?post=4496"}],"version-history":[{"count":20,"href":"https:\/\/affichageempreinteverte.ca\/index.php\/wp-json\/wp\/v2\/pages\/4496\/revisions"}],"predecessor-version":[{"id":7111,"href":"https:\/\/affichageempreinteverte.ca\/index.php\/wp-json\/wp\/v2\/pages\/4496\/revisions\/7111"}],"wp:attachment":[{"href":"https:\/\/affichageempreinteverte.ca\/index.php\/wp-json\/wp\/v2\/media?parent=4496"}],"curies":[{"name":"wp","href":"https:\/\/api.w.org\/{rel}","templated":true}]}}