{"id":3,"date":"2025-09-03T15:51:13","date_gmt":"2025-09-03T19:51:13","guid":{"rendered":"https:\/\/affichageempreinteverte.ca\/wp3\/?page_id=3"},"modified":"2026-01-28T16:13:48","modified_gmt":"2026-01-28T21:13:48","slug":"privacy-policy","status":"publish","type":"page","link":"https:\/\/affichageempreinteverte.ca\/index.php\/privacy-policy\/","title":{"rendered":"Politique de confidentialit\u00e9"},"content":{"rendered":"\t\t<div data-elementor-type=\"wp-page\" data-elementor-id=\"3\" class=\"elementor elementor-3\">\n\t\t\t\t<div class=\"elementor-element elementor-element-1359e222 e-flex e-con-boxed e-con e-parent\" data-id=\"1359e222\" data-element_type=\"container\" data-e-type=\"container\">\n\t\t\t\t\t<div class=\"e-con-inner\">\n\t\t\t\t<div class=\"elementor-element elementor-element-2a6828d6 elementor-widget elementor-widget-text-editor\" data-id=\"2a6828d6\" data-element_type=\"widget\" data-e-type=\"widget\" data-widget_type=\"text-editor.default\">\n\t\t\t\t\t\t\t\t\t\n<h3 class=\"wp-block-heading\" data-start=\"746\" data-end=\"785\">\u00a0<\/h3>\n<h3 data-start=\"746\" data-end=\"785\">Renseignements personnels collect\u00e9s<\/h3>\n<p data-start=\"787\" data-end=\"931\"><strong data-start=\"787\" data-end=\"825\">Types de renseignements recueillis<\/strong><br data-start=\"825\" data-end=\"828\" \/>Nous recueillons uniquement les renseignements n\u00e9cessaires \u00e0 la prestation de nos services, notamment :<\/p>\n<ul>\n<li data-start=\"934\" data-end=\"949\">Nom et pr\u00e9nom<\/li>\n<li data-start=\"952\" data-end=\"996\">Coordonn\u00e9es (adresse, courriel, t\u00e9l\u00e9phone)<\/li>\n<li data-start=\"999\" data-end=\"1044\">Informations de facturation et de livraison<\/li>\n<li data-start=\"1047\" data-end=\"1102\">Contenus ou fichiers fournis dans le cadre de projets<\/li>\n<li data-start=\"1105\" data-end=\"1174\">Donn\u00e9es de navigation (adresse IP, cookies, interactions sur le site)<\/li>\n<\/ul>\n<p data-start=\"1176\" data-end=\"1363\"><strong data-start=\"1176\" data-end=\"1198\">Paiements en ligne<\/strong><br data-start=\"1198\" data-end=\"1201\" \/>Les paiements sont trait\u00e9s par des fournisseurs tiers s\u00e9curis\u00e9s. Aucune information compl\u00e8te de carte de cr\u00e9dit n\u2019est conserv\u00e9e par Affichage Empreinte Verte inc.<\/p>\n<hr data-start=\"1365\" data-end=\"1368\" \/>\n<h3 data-start=\"1370\" data-end=\"1415\">Utilisation des renseignements personnels<\/h3>\n<p data-start=\"1417\" data-end=\"1498\"><strong data-start=\"1417\" data-end=\"1445\">Finalit\u00e9s de la collecte<\/strong><br data-start=\"1445\" data-end=\"1448\" \/>Les renseignements personnels sont utilis\u00e9s pour :<\/p>\n<ul>\n<li data-start=\"1501\" data-end=\"1548\">Traiter les commandes et fournir nos services<\/li>\n<li data-start=\"1551\" data-end=\"1596\">Communiquer avec les clients et partenaires<\/li>\n<li data-start=\"1599\" data-end=\"1638\">Offrir un service client personnalis\u00e9<\/li>\n<li data-start=\"1641\" data-end=\"1713\">Envoyer des communications marketing lorsque le consentement est donn\u00e9<\/li>\n<li data-start=\"1716\" data-end=\"1758\">Am\u00e9liorer notre site web et nos services<\/li>\n<li data-start=\"1761\" data-end=\"1794\">Respecter nos obligations l\u00e9gales<\/li>\n<\/ul>\n<hr data-start=\"1796\" data-end=\"1799\" \/>\n<h3 data-start=\"1801\" data-end=\"1822\">T\u00e9moins (cookies)<\/h3>\n<p data-start=\"1824\" data-end=\"2077\"><strong data-start=\"1824\" data-end=\"1851\">Utilisation des cookies<\/strong><br data-start=\"1851\" data-end=\"1854\" \/>Nous utilisons des t\u00e9moins pour assurer le bon fonctionnement du site, analyser la performance et am\u00e9liorer l\u2019exp\u00e9rience utilisateur. Les param\u00e8tres de votre navigateur vous permettent de g\u00e9rer ou de d\u00e9sactiver les cookies.<\/p>\n<hr data-start=\"2079\" data-end=\"2082\" \/>\n<h3 data-start=\"2084\" data-end=\"2120\">Communication des renseignements<\/h3>\n<p data-start=\"2122\" data-end=\"2440\"><strong data-start=\"2122\" data-end=\"2148\">Partage avec des tiers<\/strong><br data-start=\"2148\" data-end=\"2151\" \/>Les renseignements personnels ne sont ni vendus ni lou\u00e9s. Ils peuvent \u00eatre communiqu\u00e9s uniquement \u00e0 des fournisseurs de services n\u00e9cessaires (h\u00e9bergement, paiement, livraison, outils num\u00e9riques) ou lorsque requis par la loi. Ces tiers sont tenus de prot\u00e9ger les renseignements communiqu\u00e9s.<\/p>\n<hr data-start=\"2442\" data-end=\"2445\" \/>\n<h3 data-start=\"2447\" data-end=\"2475\">Transfert hors du Qu\u00e9bec<\/h3>\n<p data-start=\"2477\" data-end=\"2704\"><strong data-start=\"2477\" data-end=\"2502\">Fournisseurs externes<\/strong><br data-start=\"2502\" data-end=\"2505\" \/>Certains fournisseurs peuvent \u00eatre situ\u00e9s \u00e0 l\u2019ext\u00e9rieur du Qu\u00e9bec. Dans ces cas, nous nous assurons que des mesures de protection ad\u00e9quates sont en place afin de respecter les exigences de la Loi 25.<\/p>\n<hr data-start=\"2706\" data-end=\"2709\" \/>\n<h3 data-start=\"2711\" data-end=\"2739\">Conservation et s\u00e9curit\u00e9<\/h3>\n<p data-start=\"2741\" data-end=\"2936\"><strong data-start=\"2741\" data-end=\"2766\">Dur\u00e9e de conservation<\/strong><br data-start=\"2766\" data-end=\"2769\" \/>Les renseignements personnels sont conserv\u00e9s uniquement pour la dur\u00e9e n\u00e9cessaire aux fins pour lesquelles ils ont \u00e9t\u00e9 recueillis ou conform\u00e9ment aux exigences l\u00e9gales.<\/p>\n<p data-start=\"2938\" data-end=\"3146\"><strong data-start=\"2938\" data-end=\"2961\">Mesures de s\u00e9curit\u00e9<\/strong><br data-start=\"2961\" data-end=\"2964\" \/>Nous appliquons des mesures administratives, techniques et physiques raisonnables afin de prot\u00e9ger les renseignements personnels contre tout acc\u00e8s non autoris\u00e9, perte ou divulgation.<\/p>\n<hr data-start=\"3148\" data-end=\"3151\" \/>\n<h3 data-start=\"3153\" data-end=\"3188\">Droits des personnes concern\u00e9es<\/h3>\n<p data-start=\"3190\" data-end=\"3497\"><strong data-start=\"3190\" data-end=\"3204\">Vos droits<\/strong><br data-start=\"3204\" data-end=\"3207\" \/>Vous avez le droit d\u2019acc\u00e9der \u00e0 vos renseignements personnels, d\u2019en demander la rectification, de retirer votre consentement lorsque applicable et d\u2019obtenir des informations sur leur utilisation. Toute demande doit \u00eatre adress\u00e9e au responsable de la protection des renseignements personnels.<\/p>\n<hr data-start=\"3499\" data-end=\"3502\" \/>\n<h3 data-start=\"3504\" data-end=\"3520\">Consentement<\/h3>\n<p data-start=\"3522\" data-end=\"3692\"><strong data-start=\"3522\" data-end=\"3537\">Acceptation<\/strong><br data-start=\"3537\" data-end=\"3540\" \/>En utilisant notre site web ou en nous fournissant des renseignements personnels, vous consentez \u00e0 leur traitement conform\u00e9ment \u00e0 la pr\u00e9sente politique.<\/p>\n<h3 data-start=\"3699\" data-end=\"3745\">\u2022\u2022\u2022\u2022\u2022\u2022\u2022\u2022\u2022\u2022\u2022\u2022\u2022\u2022\u2022\u2022\u2022\u2022\u2022\u2022\u2022\u2022\u2022\u2022\u2022\u2022\u2022\u2022\u2022\u2022\u2022\u2022\u2022\u2022\u2022\u2022<\/h3>\n<p data-start=\"3747\" data-end=\"3787\">Derni\u00e8re mise \u00e0 jour : <em data-start=\"3770\" data-end=\"3785\">7 janvier 2026<\/em><\/p>\n<p data-start=\"3789\" data-end=\"4146\">Affichage Empreinte Verte inc. accorde une grande importance \u00e0 la protection des renseignements personnels de ses clients, utilisateurs et partenaires. La pr\u00e9sente politique vise \u00e0 expliquer de fa\u00e7on claire et transparente comment les renseignements personnels sont recueillis, utilis\u00e9s, communiqu\u00e9s, conserv\u00e9s et prot\u00e9g\u00e9s conform\u00e9ment \u00e0 la Loi 25 (Qu\u00e9bec).<\/p>\n<p data-start=\"4148\" data-end=\"4270\">Cette politique s\u2019applique au site web affichageempreinteverte.ca ainsi qu\u2019\u00e0 l\u2019ensemble de nos services et communications.<\/p>\t\t\t\t\t\t\t\t<\/div>\n\t\t\t\t\t<\/div>\n\t\t\t\t<\/div>\n\t\t\t\t<\/div>\n\t\t","protected":false},"excerpt":{"rendered":"<p>\u00a0 Renseignements personnels collect\u00e9s Types de renseignements recueillisNous recueillons uniquement les renseignements n\u00e9cessaires \u00e0 la prestation de nos services, notamment : Nom et pr\u00e9nom Coordonn\u00e9es (adresse, courriel, t\u00e9l\u00e9phone) Informations de facturation et de livraison Contenus ou fichiers fournis dans le [&hellip;]<\/p>\n","protected":false},"author":1,"featured_media":0,"parent":0,"menu_order":0,"comment_status":"closed","ping_status":"open","template":"","meta":{"footnotes":""},"class_list":["post-3","page","type-page","status-publish","hentry"],"yoast_head":"<!-- This site is optimized with the Yoast SEO plugin v27.5 - https:\/\/yoast.com\/product\/yoast-seo-wordpress\/ -->\n<title>Politique de confidentialit\u00e9 - Affichage Empreinte Verte inc<\/title>\n<meta name=\"robots\" content=\"index, follow, max-snippet:-1, max-image-preview:large, max-video-preview:-1\" \/>\n<link rel=\"canonical\" href=\"https:\/\/affichageempreinteverte.ca\/index.php\/privacy-policy\/\" \/>\n<meta property=\"og:locale\" content=\"en_US\" \/>\n<meta property=\"og:type\" content=\"article\" \/>\n<meta property=\"og:title\" content=\"Politique de confidentialit\u00e9 - Affichage Empreinte Verte inc\" \/>\n<meta property=\"og:description\" content=\"\u00a0 Renseignements personnels collect\u00e9s Types de renseignements recueillisNous recueillons uniquement les renseignements n\u00e9cessaires \u00e0 la prestation de nos services, notamment : Nom et pr\u00e9nom Coordonn\u00e9es (adresse, courriel, t\u00e9l\u00e9phone) Informations de facturation et de livraison Contenus ou fichiers fournis dans le [&hellip;]\" \/>\n<meta property=\"og:url\" content=\"https:\/\/affichageempreinteverte.ca\/index.php\/privacy-policy\/\" \/>\n<meta property=\"og:site_name\" content=\"Affichage Empreinte Verte inc\" \/>\n<meta property=\"article:publisher\" content=\"https:\/\/www.facebook.com\/AEVinc\/\" \/>\n<meta property=\"article:modified_time\" content=\"2026-01-28T21:13:48+00:00\" \/>\n<meta name=\"twitter:card\" content=\"summary_large_image\" \/>\n<meta name=\"twitter:label1\" content=\"Est. reading time\" \/>\n\t<meta name=\"twitter:data1\" content=\"2 minutes\" \/>\n<script type=\"application\/ld+json\" class=\"yoast-schema-graph\">{\"@context\":\"https:\\\/\\\/schema.org\",\"@graph\":[{\"@type\":\"WebPage\",\"@id\":\"https:\\\/\\\/affichageempreinteverte.ca\\\/index.php\\\/privacy-policy\\\/\",\"url\":\"https:\\\/\\\/affichageempreinteverte.ca\\\/index.php\\\/privacy-policy\\\/\",\"name\":\"Politique de confidentialit\u00e9 - Affichage Empreinte Verte inc\",\"isPartOf\":{\"@id\":\"https:\\\/\\\/affichageempreinteverte.ca\\\/#website\"},\"datePublished\":\"2025-09-03T19:51:13+00:00\",\"dateModified\":\"2026-01-28T21:13:48+00:00\",\"breadcrumb\":{\"@id\":\"https:\\\/\\\/affichageempreinteverte.ca\\\/index.php\\\/privacy-policy\\\/#breadcrumb\"},\"inLanguage\":\"en-CA\",\"potentialAction\":[{\"@type\":\"ReadAction\",\"target\":[\"https:\\\/\\\/affichageempreinteverte.ca\\\/index.php\\\/privacy-policy\\\/\"]}]},{\"@type\":\"BreadcrumbList\",\"@id\":\"https:\\\/\\\/affichageempreinteverte.ca\\\/index.php\\\/privacy-policy\\\/#breadcrumb\",\"itemListElement\":[{\"@type\":\"ListItem\",\"position\":1,\"name\":\"Home\",\"item\":\"https:\\\/\\\/affichageempreinteverte.ca\\\/\"},{\"@type\":\"ListItem\",\"position\":2,\"name\":\"Politique de confidentialit\u00e9\"}]},{\"@type\":\"WebSite\",\"@id\":\"https:\\\/\\\/affichageempreinteverte.ca\\\/#website\",\"url\":\"https:\\\/\\\/affichageempreinteverte.ca\\\/\",\"name\":\"Affichage Empreinte Verte inc\",\"description\":\"\",\"publisher\":{\"@id\":\"https:\\\/\\\/affichageempreinteverte.ca\\\/#organization\"},\"potentialAction\":[{\"@type\":\"SearchAction\",\"target\":{\"@type\":\"EntryPoint\",\"urlTemplate\":\"https:\\\/\\\/affichageempreinteverte.ca\\\/?s={search_term_string}\"},\"query-input\":{\"@type\":\"PropertyValueSpecification\",\"valueRequired\":true,\"valueName\":\"search_term_string\"}}],\"inLanguage\":\"en-CA\"},{\"@type\":\"Organization\",\"@id\":\"https:\\\/\\\/affichageempreinteverte.ca\\\/#organization\",\"name\":\"Affichage Empreinte Verte inc\",\"url\":\"https:\\\/\\\/affichageempreinteverte.ca\\\/\",\"logo\":{\"@type\":\"ImageObject\",\"inLanguage\":\"en-CA\",\"@id\":\"https:\\\/\\\/affichageempreinteverte.ca\\\/#\\\/schema\\\/logo\\\/image\\\/\",\"url\":\"https:\\\/\\\/affichageempreinteverte.ca\\\/wp3\\\/wp-content\\\/uploads\\\/2025\\\/09\\\/logo-AEV-colors-web.png\",\"contentUrl\":\"https:\\\/\\\/affichageempreinteverte.ca\\\/wp3\\\/wp-content\\\/uploads\\\/2025\\\/09\\\/logo-AEV-colors-web.png\",\"width\":480,\"height\":336,\"caption\":\"Affichage Empreinte Verte inc\"},\"image\":{\"@id\":\"https:\\\/\\\/affichageempreinteverte.ca\\\/#\\\/schema\\\/logo\\\/image\\\/\"},\"sameAs\":[\"https:\\\/\\\/www.facebook.com\\\/AEVinc\\\/\",\"https:\\\/\\\/www.linkedin.com\\\/company\\\/aevinc\\\/\"]}]}<\/script>\n<!-- \/ Yoast SEO plugin. -->","yoast_head_json":{"title":"Politique de confidentialit\u00e9 - Affichage Empreinte Verte inc","robots":{"index":"index","follow":"follow","max-snippet":"max-snippet:-1","max-image-preview":"max-image-preview:large","max-video-preview":"max-video-preview:-1"},"canonical":"https:\/\/affichageempreinteverte.ca\/index.php\/privacy-policy\/","og_locale":"en_US","og_type":"article","og_title":"Politique de confidentialit\u00e9 - Affichage Empreinte Verte inc","og_description":"\u00a0 Renseignements personnels collect\u00e9s Types de renseignements recueillisNous recueillons uniquement les renseignements n\u00e9cessaires \u00e0 la prestation de nos services, notamment : Nom et pr\u00e9nom Coordonn\u00e9es (adresse, courriel, t\u00e9l\u00e9phone) Informations de facturation et de livraison Contenus ou fichiers fournis dans le [&hellip;]","og_url":"https:\/\/affichageempreinteverte.ca\/index.php\/privacy-policy\/","og_site_name":"Affichage Empreinte Verte inc","article_publisher":"https:\/\/www.facebook.com\/AEVinc\/","article_modified_time":"2026-01-28T21:13:48+00:00","twitter_card":"summary_large_image","twitter_misc":{"Est. reading time":"2 minutes"},"schema":{"@context":"https:\/\/schema.org","@graph":[{"@type":"WebPage","@id":"https:\/\/affichageempreinteverte.ca\/index.php\/privacy-policy\/","url":"https:\/\/affichageempreinteverte.ca\/index.php\/privacy-policy\/","name":"Politique de confidentialit\u00e9 - Affichage Empreinte Verte inc","isPartOf":{"@id":"https:\/\/affichageempreinteverte.ca\/#website"},"datePublished":"2025-09-03T19:51:13+00:00","dateModified":"2026-01-28T21:13:48+00:00","breadcrumb":{"@id":"https:\/\/affichageempreinteverte.ca\/index.php\/privacy-policy\/#breadcrumb"},"inLanguage":"en-CA","potentialAction":[{"@type":"ReadAction","target":["https:\/\/affichageempreinteverte.ca\/index.php\/privacy-policy\/"]}]},{"@type":"BreadcrumbList","@id":"https:\/\/affichageempreinteverte.ca\/index.php\/privacy-policy\/#breadcrumb","itemListElement":[{"@type":"ListItem","position":1,"name":"Home","item":"https:\/\/affichageempreinteverte.ca\/"},{"@type":"ListItem","position":2,"name":"Politique de confidentialit\u00e9"}]},{"@type":"WebSite","@id":"https:\/\/affichageempreinteverte.ca\/#website","url":"https:\/\/affichageempreinteverte.ca\/","name":"Affichage Empreinte Verte inc","description":"","publisher":{"@id":"https:\/\/affichageempreinteverte.ca\/#organization"},"potentialAction":[{"@type":"SearchAction","target":{"@type":"EntryPoint","urlTemplate":"https:\/\/affichageempreinteverte.ca\/?s={search_term_string}"},"query-input":{"@type":"PropertyValueSpecification","valueRequired":true,"valueName":"search_term_string"}}],"inLanguage":"en-CA"},{"@type":"Organization","@id":"https:\/\/affichageempreinteverte.ca\/#organization","name":"Affichage Empreinte Verte inc","url":"https:\/\/affichageempreinteverte.ca\/","logo":{"@type":"ImageObject","inLanguage":"en-CA","@id":"https:\/\/affichageempreinteverte.ca\/#\/schema\/logo\/image\/","url":"https:\/\/affichageempreinteverte.ca\/wp3\/wp-content\/uploads\/2025\/09\/logo-AEV-colors-web.png","contentUrl":"https:\/\/affichageempreinteverte.ca\/wp3\/wp-content\/uploads\/2025\/09\/logo-AEV-colors-web.png","width":480,"height":336,"caption":"Affichage Empreinte Verte inc"},"image":{"@id":"https:\/\/affichageempreinteverte.ca\/#\/schema\/logo\/image\/"},"sameAs":["https:\/\/www.facebook.com\/AEVinc\/","https:\/\/www.linkedin.com\/company\/aevinc\/"]}]}},"jetpack_sharing_enabled":true,"_links":{"self":[{"href":"https:\/\/affichageempreinteverte.ca\/index.php\/wp-json\/wp\/v2\/pages\/3","targetHints":{"allow":["GET"]}}],"collection":[{"href":"https:\/\/affichageempreinteverte.ca\/index.php\/wp-json\/wp\/v2\/pages"}],"about":[{"href":"https:\/\/affichageempreinteverte.ca\/index.php\/wp-json\/wp\/v2\/types\/page"}],"author":[{"embeddable":true,"href":"https:\/\/affichageempreinteverte.ca\/index.php\/wp-json\/wp\/v2\/users\/1"}],"replies":[{"embeddable":true,"href":"https:\/\/affichageempreinteverte.ca\/index.php\/wp-json\/wp\/v2\/comments?post=3"}],"version-history":[{"count":14,"href":"https:\/\/affichageempreinteverte.ca\/index.php\/wp-json\/wp\/v2\/pages\/3\/revisions"}],"predecessor-version":[{"id":7217,"href":"https:\/\/affichageempreinteverte.ca\/index.php\/wp-json\/wp\/v2\/pages\/3\/revisions\/7217"}],"wp:attachment":[{"href":"https:\/\/affichageempreinteverte.ca\/index.php\/wp-json\/wp\/v2\/media?parent=3"}],"curies":[{"name":"wp","href":"https:\/\/api.w.org\/{rel}","templated":true}]}}